{"id":13,"date":"2024-12-16T15:30:08","date_gmt":"2024-12-16T14:30:08","guid":{"rendered":"https:\/\/corbas-crosstraining.com\/?page_id=13"},"modified":"2025-01-31T10:14:42","modified_gmt":"2025-01-31T09:14:42","slug":"about","status":"publish","type":"page","link":"https:\/\/corbas-crosstraining.com\/?page_id=13","title":{"rendered":"A propos"},"content":{"rendered":"\n<h2 class=\"wp-block-heading has-large-font-size\" id=\"inspiro-is-a-digital-product-agency-that-focuses-on-strategy-and-design\" style=\"font-style:normal;font-weight:100\"><strong>Chez Corbas CrossTraining, nous croyons que chaque personne a le potentiel de transformer sa qualit\u00e9 de vie \u00e0 travers des actions concr\u00e8tes pour le bien-\u00eatre.<\/strong><\/h2>\n\n\n\n<p>Fond\u00e9e en 2024, notre association est n\u00e9e d&rsquo;une volont\u00e9 de <strong>sensibiliser et d&rsquo;accompagner<\/strong> les individus <strong>vers une meilleure hygi\u00e8ne de vie et une inclusion sociale.<\/strong><br>Bas\u00e9s \u00e0 Corbas, nous intervenons aupr\u00e8s de divers publics pour <strong>promouvoir l\u2019\u00e9veil, la prise de conscience et l\u2019\u00e9volution personnelle<\/strong>. <br>Nos actions s\u2019adaptent aux besoins de chacun, avec pour objectif de cr\u00e9er un impact positif et durable.<br>Rejoignez-nous pour explorer de nouvelles opportunit\u00e9s, d\u00e9velopper votre r\u00e9silience et participer \u00e0 un mouvement qui place l\u2019humain et le bien-\u00eatre au c\u0153ur de ses priorit\u00e9s.<\/p>\n\n\n\n<hr class=\"wp-block-separator has-alpha-channel-opacity\"\/>\n\n\n\n<h2 class=\"wp-block-heading\">Pourquoi promouvoir l\u2019activit\u00e9 physique ?<\/h2>\n\n\n\n<p>Chez Corbas CrossTraining, nous croyons au pouvoir transformateur de l&rsquo;activit\u00e9 physique pour am\u00e9liorer la sant\u00e9 et la qualit\u00e9 de vie de chacun.<br>Nos actions mettent en avant des approches vari\u00e9es et adapt\u00e9es pour encourager la mobilit\u00e9, la confiance en soi, et une meilleure hygi\u00e8ne de vie.<\/p>\n\n\n\n<p><strong>L&rsquo;objectif<\/strong> est de sensibiliser et d&rsquo;accompagner les individus vers des pratiques simples et accessibles qui favorisent non seulement le bien-\u00eatre physique, mais \u00e9galement un \u00e9quilibre mental et social.<br>En s&rsquo;appuyant sur des activit\u00e9s dynamiques et engageantes, nous travaillons \u00e0 faire \u00e9voluer les perceptions autour de l&rsquo;activit\u00e9 physique et \u00e0 motiver chacun \u00e0 int\u00e9grer ces pratiques dans leur quotidien.<\/p>\n\n\n\n<div class=\"wp-block-columns alignwide is-layout-flex wp-container-core-columns-is-layout-28f84493 wp-block-columns-is-layout-flex\">\n<div class=\"wp-block-column is-layout-flow wp-block-column-is-layout-flow\">\n<figure class=\"wp-block-image size-large\"><img loading=\"lazy\" decoding=\"async\" width=\"1024\" height=\"1024\" src=\"http:\/\/corbas-crosstraining.com\/wp-content\/uploads\/2024\/12\/Therapeutique-1024x1024.png\" alt=\"\" class=\"wp-image-59\" srcset=\"https:\/\/corbas-crosstraining.com\/wp-content\/uploads\/2024\/12\/Therapeutique-1024x1024.png 1024w, https:\/\/corbas-crosstraining.com\/wp-content\/uploads\/2024\/12\/Therapeutique-300x300.png 300w, https:\/\/corbas-crosstraining.com\/wp-content\/uploads\/2024\/12\/Therapeutique-150x150.png 150w, https:\/\/corbas-crosstraining.com\/wp-content\/uploads\/2024\/12\/Therapeutique.png 1080w\" sizes=\"auto, (max-width: 1024px) 100vw, 1024px\" \/><\/figure>\n\n\n\n<p class=\"has-black-color has-text-color has-medium-font-size\"><a href=\"#\">L&rsquo;\u00e9quipe <\/a><\/p>\n\n\n\n<p class=\"has-text-color\" style=\"color:#7a7a7a\">D\u00e9couvrez les coachs et les membres de Corbas CrossTraining, qui mettent leur expertise et leur \u00e9nergie au service de votre bien-\u00eatre. <br><br>Chaque membre de notre \u00e9quipe partage une histoire et une passion commune : accompagner chacun dans son \u00e9volution personnelle et sa qu\u00eate de bien-\u00eatre.<\/p>\n\n\n\n<p class=\"has-text-color\" style=\"color:#7a7a7a\">Ensemble, nous cr\u00e9ons un environnement chaleureux et inclusif, o\u00f9 chaque participant est consid\u00e9r\u00e9 comme un membre de la famille. <br><br>Votre r\u00e9ussite est notre mission, et nous sommes l\u00e0 pour vous soutenir \u00e0 chaque \u00e9tape de votre parcours.<\/p>\n<\/div>\n\n\n\n<div class=\"wp-block-column is-layout-flow wp-block-column-is-layout-flow\">\n<figure class=\"wp-block-image size-large\"><img loading=\"lazy\" decoding=\"async\" width=\"1024\" height=\"1024\" src=\"http:\/\/corbas-crosstraining.com\/wp-content\/uploads\/2024\/12\/Coach-1024x1024.png\" alt=\"\" class=\"wp-image-60\" srcset=\"https:\/\/corbas-crosstraining.com\/wp-content\/uploads\/2024\/12\/Coach-1024x1024.png 1024w, https:\/\/corbas-crosstraining.com\/wp-content\/uploads\/2024\/12\/Coach-300x300.png 300w, https:\/\/corbas-crosstraining.com\/wp-content\/uploads\/2024\/12\/Coach-150x150.png 150w, https:\/\/corbas-crosstraining.com\/wp-content\/uploads\/2024\/12\/Coach.png 1080w\" sizes=\"auto, (max-width: 1024px) 100vw, 1024px\" \/><\/figure>\n\n\n\n<p class=\"has-black-color has-text-color has-medium-font-size\"><a href=\"#\">Nos valeurs<\/a><\/p>\n\n\n\n<p class=\"has-text-color\" style=\"color:#7a7a7a\">Chez Corbas CrossTraining, nos valeurs de <strong>courage, d\u2019int\u00e9grit\u00e9 et de solidarit\u00e9<\/strong> sont au c\u0153ur de chacune de nos actions. Elles guident notre mission de sensibilisation et d\u2019accompagnement vers une meilleure hygi\u00e8ne de vie.<\/p>\n\n\n\n<p class=\"has-text-color\" style=\"color:#7a7a7a\">Nous nous engageons \u00e0 cr\u00e9er un environnement bienveillant et accessible, o\u00f9 chaque individu peut \u00e9voluer \u00e0 son rythme, prendre conscience de son potentiel et s\u2019\u00e9panouir pleinement.<\/p>\n<\/div>\n\n\n\n<div class=\"wp-block-column is-layout-flow wp-block-column-is-layout-flow\">\n<figure class=\"wp-block-image size-large\"><img loading=\"lazy\" decoding=\"async\" width=\"1024\" height=\"1024\" src=\"http:\/\/corbas-crosstraining.com\/wp-content\/uploads\/2024\/12\/Coaching-1024x1024.png\" alt=\"\" class=\"wp-image-57\" srcset=\"https:\/\/corbas-crosstraining.com\/wp-content\/uploads\/2024\/12\/Coaching-1024x1024.png 1024w, https:\/\/corbas-crosstraining.com\/wp-content\/uploads\/2024\/12\/Coaching-300x300.png 300w, https:\/\/corbas-crosstraining.com\/wp-content\/uploads\/2024\/12\/Coaching-150x150.png 150w, https:\/\/corbas-crosstraining.com\/wp-content\/uploads\/2024\/12\/Coaching.png 1080w\" sizes=\"auto, (max-width: 1024px) 100vw, 1024px\" \/><\/figure>\n\n\n\n<p class=\"has-black-color has-text-color has-medium-font-size\"><a href=\"https:\/\/corbas-crosstraining.com\/?page_id=53\">Nos services<\/a><\/p>\n\n\n\n<p class=\"has-text-color\" style=\"color:#7a7a7a\">Nos programmes et actions sont con\u00e7us pour <strong>sensibiliser, informer et accompagner<\/strong> chacun vers une meilleure hygi\u00e8ne de vie. <br><br>\u00c0 travers des ateliers et des interventions adapt\u00e9es, nous aidons \u00e0 mieux comprendre l&rsquo;importance de l&rsquo;activit\u00e9 physique et son impact positif sur la sant\u00e9 et le bien-\u00eatre.<\/p>\n\n\n\n<p class=\"has-text-color\" style=\"color:#7a7a7a\"><strong>Que ce soit dans un cadre \u00e9ducatif, social ou professionnel<\/strong>, nous proposons des initiatives accessibles \u00e0 tous, encourageant la prise de conscience et l\u2019\u00e9volution personnelle.<\/p>\n<\/div>\n<\/div>\n\n\n\n<h3 class=\"wp-block-heading has-large-font-size\" id=\"inspiro-is-a-digital-product-agency-that-focuses-on-strategy-and-desig\" style=\"font-style:normal;font-weight:300\">Corbas CrossTraining en action :<\/h3>\n\n\n\n<figure class=\"wp-block-video\"><video height=\"1080\" style=\"aspect-ratio: 1920 \/ 1080;\" width=\"1920\" controls src=\"http:\/\/corbas-crosstraining.com\/wp-content\/uploads\/2024\/12\/A-prpopos.mp4\"><\/video><\/figure>\n\n\n\n<div style=\"height:100px\" aria-hidden=\"true\" class=\"wp-block-spacer\"><\/div>\n\n\n\n<p><\/p>\n","protected":false},"excerpt":{"rendered":"<p>Chez Corbas CrossTraining, nous croyons que chaque personne a le potentiel de transformer sa qualit\u00e9 de vie \u00e0 travers des actions concr\u00e8tes pour le bien-\u00eatre. Fond\u00e9e en 2024, notre association est n\u00e9e d&rsquo;une volont\u00e9 de sensibiliser et d&rsquo;accompagner les individus vers une meilleure hygi\u00e8ne de vie et une inclusion sociale.Bas\u00e9s \u00e0 Corbas, nous intervenons aupr\u00e8s &hellip; <\/p>\n<p class=\"link-more\"><a href=\"https:\/\/corbas-crosstraining.com\/?page_id=13\" class=\"more-link\">Lire la suite de<span class=\"screen-reader-text\">\u00ab\u00a0A propos\u00a0\u00bb<\/span><\/a><\/p>\n","protected":false},"author":2,"featured_media":97,"parent":0,"menu_order":0,"comment_status":"closed","ping_status":"closed","template":"","meta":{"footnotes":""},"class_list":["post-13","page","type-page","status-publish","has-post-thumbnail","hentry"],"yoast_head":"<!-- This site is optimized with the Yoast SEO plugin v27.4 - https:\/\/yoast.com\/product\/yoast-seo-wordpress\/ -->\n<title>A propos - Corbas CrossTraining<\/title>\n<meta name=\"robots\" content=\"index, follow, max-snippet:-1, max-image-preview:large, max-video-preview:-1\" \/>\n<link rel=\"canonical\" href=\"https:\/\/corbas-crosstraining.com\/?page_id=13\" \/>\n<meta property=\"og:locale\" content=\"fr_FR\" \/>\n<meta property=\"og:type\" content=\"article\" \/>\n<meta property=\"og:title\" content=\"A propos - Corbas CrossTraining\" \/>\n<meta property=\"og:description\" content=\"Chez Corbas CrossTraining, nous croyons que chaque personne a le potentiel de transformer sa qualit\u00e9 de vie \u00e0 travers des actions concr\u00e8tes pour le bien-\u00eatre. Fond\u00e9e en 2024, notre association est n\u00e9e d&rsquo;une volont\u00e9 de sensibiliser et d&rsquo;accompagner les individus vers une meilleure hygi\u00e8ne de vie et une inclusion sociale.Bas\u00e9s \u00e0 Corbas, nous intervenons aupr\u00e8s &hellip; Lire la suite de\u00ab\u00a0A propos\u00a0\u00bb\" \/>\n<meta property=\"og:url\" content=\"https:\/\/corbas-crosstraining.com\/?page_id=13\" \/>\n<meta property=\"og:site_name\" content=\"Corbas CrossTraining\" \/>\n<meta property=\"article:modified_time\" content=\"2025-01-31T09:14:42+00:00\" \/>\n<meta property=\"og:image\" content=\"https:\/\/corbas-crosstraining.com\/wp-content\/uploads\/2024\/12\/workout-5914643_1280.jpg\" \/>\n\t<meta property=\"og:image:width\" content=\"1280\" \/>\n\t<meta property=\"og:image:height\" content=\"853\" \/>\n\t<meta property=\"og:image:type\" content=\"image\/jpeg\" \/>\n<meta name=\"twitter:card\" content=\"summary_large_image\" \/>\n<meta name=\"twitter:label1\" content=\"Dur\u00e9e de lecture estim\u00e9e\" \/>\n\t<meta name=\"twitter:data1\" content=\"4 minutes\" \/>\n<script type=\"application\/ld+json\" class=\"yoast-schema-graph\">{\"@context\":\"https:\\\/\\\/schema.org\",\"@graph\":[{\"@type\":\"WebPage\",\"@id\":\"https:\\\/\\\/corbas-crosstraining.com\\\/?page_id=13\",\"url\":\"https:\\\/\\\/corbas-crosstraining.com\\\/?page_id=13\",\"name\":\"A propos - Corbas CrossTraining\",\"isPartOf\":{\"@id\":\"https:\\\/\\\/corbas-crosstraining.com\\\/#website\"},\"primaryImageOfPage\":{\"@id\":\"https:\\\/\\\/corbas-crosstraining.com\\\/?page_id=13#primaryimage\"},\"image\":{\"@id\":\"https:\\\/\\\/corbas-crosstraining.com\\\/?page_id=13#primaryimage\"},\"thumbnailUrl\":\"https:\\\/\\\/corbas-crosstraining.com\\\/wp-content\\\/uploads\\\/2024\\\/12\\\/workout-5914643_1280.jpg\",\"datePublished\":\"2024-12-16T14:30:08+00:00\",\"dateModified\":\"2025-01-31T09:14:42+00:00\",\"breadcrumb\":{\"@id\":\"https:\\\/\\\/corbas-crosstraining.com\\\/?page_id=13#breadcrumb\"},\"inLanguage\":\"fr-FR\",\"potentialAction\":[{\"@type\":\"ReadAction\",\"target\":[\"https:\\\/\\\/corbas-crosstraining.com\\\/?page_id=13\"]}]},{\"@type\":\"ImageObject\",\"inLanguage\":\"fr-FR\",\"@id\":\"https:\\\/\\\/corbas-crosstraining.com\\\/?page_id=13#primaryimage\",\"url\":\"https:\\\/\\\/corbas-crosstraining.com\\\/wp-content\\\/uploads\\\/2024\\\/12\\\/workout-5914643_1280.jpg\",\"contentUrl\":\"https:\\\/\\\/corbas-crosstraining.com\\\/wp-content\\\/uploads\\\/2024\\\/12\\\/workout-5914643_1280.jpg\",\"width\":1280,\"height\":853},{\"@type\":\"BreadcrumbList\",\"@id\":\"https:\\\/\\\/corbas-crosstraining.com\\\/?page_id=13#breadcrumb\",\"itemListElement\":[{\"@type\":\"ListItem\",\"position\":1,\"name\":\"Accueil\",\"item\":\"https:\\\/\\\/corbas-crosstraining.com\\\/\"},{\"@type\":\"ListItem\",\"position\":2,\"name\":\"A propos\"}]},{\"@type\":\"WebSite\",\"@id\":\"https:\\\/\\\/corbas-crosstraining.com\\\/#website\",\"url\":\"https:\\\/\\\/corbas-crosstraining.com\\\/\",\"name\":\"WordPress CorbasCrossTraining\",\"description\":\"Un site utilisant WordPress\",\"publisher\":{\"@id\":\"https:\\\/\\\/corbas-crosstraining.com\\\/#organization\"},\"potentialAction\":[{\"@type\":\"SearchAction\",\"target\":{\"@type\":\"EntryPoint\",\"urlTemplate\":\"https:\\\/\\\/corbas-crosstraining.com\\\/?s={search_term_string}\"},\"query-input\":{\"@type\":\"PropertyValueSpecification\",\"valueRequired\":true,\"valueName\":\"search_term_string\"}}],\"inLanguage\":\"fr-FR\"},{\"@type\":\"Organization\",\"@id\":\"https:\\\/\\\/corbas-crosstraining.com\\\/#organization\",\"name\":\"WordPress\",\"url\":\"https:\\\/\\\/corbas-crosstraining.com\\\/\",\"logo\":{\"@type\":\"ImageObject\",\"inLanguage\":\"fr-FR\",\"@id\":\"https:\\\/\\\/corbas-crosstraining.com\\\/#\\\/schema\\\/logo\\\/image\\\/\",\"url\":\"http:\\\/\\\/corbas-crosstraining.com\\\/wp-content\\\/uploads\\\/2024\\\/12\\\/LOGO-Asso-Corbas-CrossTraining.png\",\"contentUrl\":\"http:\\\/\\\/corbas-crosstraining.com\\\/wp-content\\\/uploads\\\/2024\\\/12\\\/LOGO-Asso-Corbas-CrossTraining.png\",\"width\":500,\"height\":500,\"caption\":\"WordPress\"},\"image\":{\"@id\":\"https:\\\/\\\/corbas-crosstraining.com\\\/#\\\/schema\\\/logo\\\/image\\\/\"}}]}<\/script>\n<!-- \/ Yoast SEO plugin. -->","yoast_head_json":{"title":"A propos - Corbas CrossTraining","robots":{"index":"index","follow":"follow","max-snippet":"max-snippet:-1","max-image-preview":"max-image-preview:large","max-video-preview":"max-video-preview:-1"},"canonical":"https:\/\/corbas-crosstraining.com\/?page_id=13","og_locale":"fr_FR","og_type":"article","og_title":"A propos - Corbas CrossTraining","og_description":"Chez Corbas CrossTraining, nous croyons que chaque personne a le potentiel de transformer sa qualit\u00e9 de vie \u00e0 travers des actions concr\u00e8tes pour le bien-\u00eatre. Fond\u00e9e en 2024, notre association est n\u00e9e d&rsquo;une volont\u00e9 de sensibiliser et d&rsquo;accompagner les individus vers une meilleure hygi\u00e8ne de vie et une inclusion sociale.Bas\u00e9s \u00e0 Corbas, nous intervenons aupr\u00e8s &hellip; Lire la suite de\u00ab\u00a0A propos\u00a0\u00bb","og_url":"https:\/\/corbas-crosstraining.com\/?page_id=13","og_site_name":"Corbas CrossTraining","article_modified_time":"2025-01-31T09:14:42+00:00","og_image":[{"width":1280,"height":853,"url":"https:\/\/corbas-crosstraining.com\/wp-content\/uploads\/2024\/12\/workout-5914643_1280.jpg","type":"image\/jpeg"}],"twitter_card":"summary_large_image","twitter_misc":{"Dur\u00e9e de lecture estim\u00e9e":"4 minutes"},"schema":{"@context":"https:\/\/schema.org","@graph":[{"@type":"WebPage","@id":"https:\/\/corbas-crosstraining.com\/?page_id=13","url":"https:\/\/corbas-crosstraining.com\/?page_id=13","name":"A propos - Corbas CrossTraining","isPartOf":{"@id":"https:\/\/corbas-crosstraining.com\/#website"},"primaryImageOfPage":{"@id":"https:\/\/corbas-crosstraining.com\/?page_id=13#primaryimage"},"image":{"@id":"https:\/\/corbas-crosstraining.com\/?page_id=13#primaryimage"},"thumbnailUrl":"https:\/\/corbas-crosstraining.com\/wp-content\/uploads\/2024\/12\/workout-5914643_1280.jpg","datePublished":"2024-12-16T14:30:08+00:00","dateModified":"2025-01-31T09:14:42+00:00","breadcrumb":{"@id":"https:\/\/corbas-crosstraining.com\/?page_id=13#breadcrumb"},"inLanguage":"fr-FR","potentialAction":[{"@type":"ReadAction","target":["https:\/\/corbas-crosstraining.com\/?page_id=13"]}]},{"@type":"ImageObject","inLanguage":"fr-FR","@id":"https:\/\/corbas-crosstraining.com\/?page_id=13#primaryimage","url":"https:\/\/corbas-crosstraining.com\/wp-content\/uploads\/2024\/12\/workout-5914643_1280.jpg","contentUrl":"https:\/\/corbas-crosstraining.com\/wp-content\/uploads\/2024\/12\/workout-5914643_1280.jpg","width":1280,"height":853},{"@type":"BreadcrumbList","@id":"https:\/\/corbas-crosstraining.com\/?page_id=13#breadcrumb","itemListElement":[{"@type":"ListItem","position":1,"name":"Accueil","item":"https:\/\/corbas-crosstraining.com\/"},{"@type":"ListItem","position":2,"name":"A propos"}]},{"@type":"WebSite","@id":"https:\/\/corbas-crosstraining.com\/#website","url":"https:\/\/corbas-crosstraining.com\/","name":"WordPress CorbasCrossTraining","description":"Un site utilisant WordPress","publisher":{"@id":"https:\/\/corbas-crosstraining.com\/#organization"},"potentialAction":[{"@type":"SearchAction","target":{"@type":"EntryPoint","urlTemplate":"https:\/\/corbas-crosstraining.com\/?s={search_term_string}"},"query-input":{"@type":"PropertyValueSpecification","valueRequired":true,"valueName":"search_term_string"}}],"inLanguage":"fr-FR"},{"@type":"Organization","@id":"https:\/\/corbas-crosstraining.com\/#organization","name":"WordPress","url":"https:\/\/corbas-crosstraining.com\/","logo":{"@type":"ImageObject","inLanguage":"fr-FR","@id":"https:\/\/corbas-crosstraining.com\/#\/schema\/logo\/image\/","url":"http:\/\/corbas-crosstraining.com\/wp-content\/uploads\/2024\/12\/LOGO-Asso-Corbas-CrossTraining.png","contentUrl":"http:\/\/corbas-crosstraining.com\/wp-content\/uploads\/2024\/12\/LOGO-Asso-Corbas-CrossTraining.png","width":500,"height":500,"caption":"WordPress"},"image":{"@id":"https:\/\/corbas-crosstraining.com\/#\/schema\/logo\/image\/"}}]}},"_links":{"self":[{"href":"https:\/\/corbas-crosstraining.com\/index.php?rest_route=\/wp\/v2\/pages\/13","targetHints":{"allow":["GET"]}}],"collection":[{"href":"https:\/\/corbas-crosstraining.com\/index.php?rest_route=\/wp\/v2\/pages"}],"about":[{"href":"https:\/\/corbas-crosstraining.com\/index.php?rest_route=\/wp\/v2\/types\/page"}],"author":[{"embeddable":true,"href":"https:\/\/corbas-crosstraining.com\/index.php?rest_route=\/wp\/v2\/users\/2"}],"replies":[{"embeddable":true,"href":"https:\/\/corbas-crosstraining.com\/index.php?rest_route=%2Fwp%2Fv2%2Fcomments&post=13"}],"version-history":[{"count":8,"href":"https:\/\/corbas-crosstraining.com\/index.php?rest_route=\/wp\/v2\/pages\/13\/revisions"}],"predecessor-version":[{"id":196,"href":"https:\/\/corbas-crosstraining.com\/index.php?rest_route=\/wp\/v2\/pages\/13\/revisions\/196"}],"wp:featuredmedia":[{"embeddable":true,"href":"https:\/\/corbas-crosstraining.com\/index.php?rest_route=\/wp\/v2\/media\/97"}],"wp:attachment":[{"href":"https:\/\/corbas-crosstraining.com\/index.php?rest_route=%2Fwp%2Fv2%2Fmedia&parent=13"}],"curies":[{"name":"wp","href":"https:\/\/api.w.org\/{rel}","templated":true}]}}