{"id":14,"date":"2024-12-16T15:30:09","date_gmt":"2024-12-16T14:30:09","guid":{"rendered":"https:\/\/corbas-crosstraining.com\/?page_id=14"},"modified":"2025-01-31T10:20:47","modified_gmt":"2025-01-31T09:20:47","slug":"contact-2","status":"publish","type":"page","link":"https:\/\/corbas-crosstraining.com\/?page_id=14","title":{"rendered":"Contactez-nous"},"content":{"rendered":"\n<p class=\"has-text-align-center\">Vous souhaitez en savoir plus sur nos interventions et actions de sensibilisation ? Vous avez des questions sur nos ateliers ou nos initiatives ?<br>N\u2019h\u00e9sitez pas \u00e0 nous contacter, notre \u00e9quipe est \u00e0 votre disposition pour vous accompagner et r\u00e9pondre \u00e0 toutes vos demandes !<\/p>\n\n\n\n<p class=\"has-text-align-center\"><\/p>\n\n\n\n<div class=\"wp-block-cover alignfull is-light has-parallax\" style=\"min-height:352px;aspect-ratio:unset;\"><span aria-hidden=\"true\" class=\"wp-block-cover__background has-background-dim\" style=\"background-color:#afadab\"><\/span><div class=\"wp-block-cover__image-background wp-image-123 has-parallax\" style=\"background-position:50% 50%;background-image:url(http:\/\/corbas-crosstraining.com\/wp-content\/uploads\/2024\/12\/Design-sans-titre.jpg)\"><\/div><div class=\"wp-block-cover__inner-container is-layout-flow wp-block-cover-is-layout-flow\">\n<p class=\"has-text-align-center has-large-font-size\"><\/p>\n<\/div><\/div>\n\n\n\n<p><\/p>\n\n\n\n<div class=\"wpcf7 no-js\" id=\"wpcf7-f74-o1\" lang=\"fr-FR\" dir=\"ltr\" data-wpcf7-id=\"74\">\n<div class=\"screen-reader-response\"><p role=\"status\" aria-live=\"polite\" aria-atomic=\"true\"><\/p> <ul><\/ul><\/div>\n<form action=\"\/index.php?rest_route=%2Fwp%2Fv2%2Fpages%2F14#wpcf7-f74-o1\" method=\"post\" class=\"wpcf7-form init\" aria-label=\"Formulaire de contact\" novalidate=\"novalidate\" data-status=\"init\">\n<fieldset class=\"hidden-fields-container\"><input type=\"hidden\" name=\"_wpcf7\" value=\"74\" \/><input type=\"hidden\" name=\"_wpcf7_version\" value=\"6.1.5\" \/><input type=\"hidden\" name=\"_wpcf7_locale\" value=\"fr_FR\" \/><input type=\"hidden\" name=\"_wpcf7_unit_tag\" value=\"wpcf7-f74-o1\" \/><input type=\"hidden\" name=\"_wpcf7_container_post\" value=\"0\" \/><input type=\"hidden\" name=\"_wpcf7_posted_data_hash\" value=\"\" \/>\n<\/fieldset>\n<p><label>Votre nom (obligatoire)<br \/>\n<span class=\"wpcf7-form-control-wrap\" data-name=\"your-name\"><input size=\"40\" maxlength=\"400\" class=\"wpcf7-form-control wpcf7-text wpcf7-validates-as-required\" aria-required=\"true\" aria-invalid=\"false\" value=\"\" type=\"text\" name=\"your-name\" \/><\/span> <\/label>\n<\/p>\n<p><label>Votre email (obligatoire)<br \/>\n<span class=\"wpcf7-form-control-wrap\" data-name=\"your-email\"><input size=\"40\" maxlength=\"400\" class=\"wpcf7-form-control wpcf7-email wpcf7-validates-as-required wpcf7-text wpcf7-validates-as-email\" aria-required=\"true\" aria-invalid=\"false\" value=\"\" type=\"email\" name=\"your-email\" \/><\/span> <\/label>\n<\/p>\n<p><label>Sujet (obligatoire)<br \/>\n<span class=\"wpcf7-form-control-wrap\" data-name=\"your-subject\"><select class=\"wpcf7-form-control wpcf7-select wpcf7-validates-as-required\" aria-required=\"true\" aria-invalid=\"false\" name=\"your-subject\"><option value=\"Choisissez un sujet\">Choisissez un sujet<\/option><option value=\"Demande de devis\">Demande de devis<\/option><option value=\"Question sur les services\">Question sur les services<\/option><option value=\"Inscription \u00e0 un \u00e9v\u00e9nement\">Inscription \u00e0 un \u00e9v\u00e9nement<\/option><option value=\"Partenariats et collaborations\">Partenariats et collaborations<\/option><option value=\"Autre\">Autre<\/option><\/select><\/span> <\/label>\n<\/p>\n<p><label>Votre message<br \/>\n<span class=\"wpcf7-form-control-wrap\" data-name=\"your-message\"><textarea cols=\"40\" rows=\"10\" maxlength=\"2000\" class=\"wpcf7-form-control wpcf7-textarea\" aria-invalid=\"false\" name=\"your-message\"><\/textarea><\/span> <\/label>\n<\/p>\n<p><input class=\"wpcf7-form-control wpcf7-submit has-spinner\" type=\"submit\" value=\"Envoyer\" \/>\n<\/p><div class=\"wpcf7-response-output\" aria-hidden=\"true\"><\/div>\n<\/form>\n<\/div>\n\n\n\n\n<div class=\"wp-block-group has-global-padding is-layout-constrained wp-block-group-is-layout-constrained\">\n<div class=\"wp-block-columns are-vertically-aligned-top is-layout-flex wp-container-core-columns-is-layout-d7d455e7 wp-block-columns-is-layout-flex\" style=\"padding-top:0;padding-right:0;padding-bottom:0;padding-left:0\">\n<div class=\"wp-block-column is-vertically-aligned-top is-layout-flow wp-block-column-is-layout-flow\" style=\"padding-right:7%;flex-basis:50%\">\n<p class=\"has-text-color\" style=\"color:#0bb4aa\">Restons connect\u00e9s ! <\/p>\n\n\n\n<p>Rejoignez notre communaut\u00e9 sur les r\u00e9seaux sociaux pour rester inform\u00e9 des derni\u00e8res nouvelles, \u00e9v\u00e9nements et activit\u00e9s de Cross Training Corbas. <br>Suivez-nous et devenez partie prenante de notre histoire !<\/p>\n<\/div>\n<\/div>\n\n\n\n<ul class=\"wp-block-social-links is-layout-flex wp-block-social-links-is-layout-flex\"><li class=\"wp-social-link wp-social-link-facebook  wp-block-social-link\"><a href=\"https:\/\/www.facebook.com\/profile.php?id=61570920562673\" class=\"wp-block-social-link-anchor\"><svg width=\"24\" height=\"24\" viewBox=\"0 0 24 24\" version=\"1.1\" xmlns=\"http:\/\/www.w3.org\/2000\/svg\" aria-hidden=\"true\" focusable=\"false\"><path d=\"M12 2C6.5 2 2 6.5 2 12c0 5 3.7 9.1 8.4 9.9v-7H7.9V12h2.5V9.8c0-2.5 1.5-3.9 3.8-3.9 1.1 0 2.2.2 2.2.2v2.5h-1.3c-1.2 0-1.6.8-1.6 1.6V12h2.8l-.4 2.9h-2.3v7C18.3 21.1 22 17 22 12c0-5.5-4.5-10-10-10z\"><\/path><\/svg><span class=\"wp-block-social-link-label screen-reader-text\">Facebook<\/span><\/a><\/li>\n\n<li class=\"wp-social-link wp-social-link-instagram  wp-block-social-link\"><a href=\"https:\/\/www.instagram.com\/corbas_crosstraining\/\" class=\"wp-block-social-link-anchor\"><svg width=\"24\" height=\"24\" viewBox=\"0 0 24 24\" version=\"1.1\" xmlns=\"http:\/\/www.w3.org\/2000\/svg\" aria-hidden=\"true\" focusable=\"false\"><path d=\"M12,4.622c2.403,0,2.688,0.009,3.637,0.052c0.877,0.04,1.354,0.187,1.671,0.31c0.42,0.163,0.72,0.358,1.035,0.673 c0.315,0.315,0.51,0.615,0.673,1.035c0.123,0.317,0.27,0.794,0.31,1.671c0.043,0.949,0.052,1.234,0.052,3.637 s-0.009,2.688-0.052,3.637c-0.04,0.877-0.187,1.354-0.31,1.671c-0.163,0.42-0.358,0.72-0.673,1.035 c-0.315,0.315-0.615,0.51-1.035,0.673c-0.317,0.123-0.794,0.27-1.671,0.31c-0.949,0.043-1.233,0.052-3.637,0.052 s-2.688-0.009-3.637-0.052c-0.877-0.04-1.354-0.187-1.671-0.31c-0.42-0.163-0.72-0.358-1.035-0.673 c-0.315-0.315-0.51-0.615-0.673-1.035c-0.123-0.317-0.27-0.794-0.31-1.671C4.631,14.688,4.622,14.403,4.622,12 s0.009-2.688,0.052-3.637c0.04-0.877,0.187-1.354,0.31-1.671c0.163-0.42,0.358-0.72,0.673-1.035 c0.315-0.315,0.615-0.51,1.035-0.673c0.317-0.123,0.794-0.27,1.671-0.31C9.312,4.631,9.597,4.622,12,4.622 M12,3 C9.556,3,9.249,3.01,8.289,3.054C7.331,3.098,6.677,3.25,6.105,3.472C5.513,3.702,5.011,4.01,4.511,4.511 c-0.5,0.5-0.808,1.002-1.038,1.594C3.25,6.677,3.098,7.331,3.054,8.289C3.01,9.249,3,9.556,3,12c0,2.444,0.01,2.751,0.054,3.711 c0.044,0.958,0.196,1.612,0.418,2.185c0.23,0.592,0.538,1.094,1.038,1.594c0.5,0.5,1.002,0.808,1.594,1.038 c0.572,0.222,1.227,0.375,2.185,0.418C9.249,20.99,9.556,21,12,21s2.751-0.01,3.711-0.054c0.958-0.044,1.612-0.196,2.185-0.418 c0.592-0.23,1.094-0.538,1.594-1.038c0.5-0.5,0.808-1.002,1.038-1.594c0.222-0.572,0.375-1.227,0.418-2.185 C20.99,14.751,21,14.444,21,12s-0.01-2.751-0.054-3.711c-0.044-0.958-0.196-1.612-0.418-2.185c-0.23-0.592-0.538-1.094-1.038-1.594 c-0.5-0.5-1.002-0.808-1.594-1.038c-0.572-0.222-1.227-0.375-2.185-0.418C14.751,3.01,14.444,3,12,3L12,3z M12,7.378 c-2.552,0-4.622,2.069-4.622,4.622S9.448,16.622,12,16.622s4.622-2.069,4.622-4.622S14.552,7.378,12,7.378z M12,15 c-1.657,0-3-1.343-3-3s1.343-3,3-3s3,1.343,3,3S13.657,15,12,15z M16.804,6.116c-0.596,0-1.08,0.484-1.08,1.08 s0.484,1.08,1.08,1.08c0.596,0,1.08-0.484,1.08-1.08S17.401,6.116,16.804,6.116z\"><\/path><\/svg><span class=\"wp-block-social-link-label screen-reader-text\">Instagram<\/span><\/a><\/li>\n\n<li class=\"wp-social-link wp-social-link-linkedin  wp-block-social-link\"><a href=\"https:\/\/www.linkedin.com\/company\/corbas-crosstraining\/\" class=\"wp-block-social-link-anchor\"><svg width=\"24\" height=\"24\" viewBox=\"0 0 24 24\" version=\"1.1\" xmlns=\"http:\/\/www.w3.org\/2000\/svg\" aria-hidden=\"true\" focusable=\"false\"><path d=\"M19.7,3H4.3C3.582,3,3,3.582,3,4.3v15.4C3,20.418,3.582,21,4.3,21h15.4c0.718,0,1.3-0.582,1.3-1.3V4.3 C21,3.582,20.418,3,19.7,3z M8.339,18.338H5.667v-8.59h2.672V18.338z M7.004,8.574c-0.857,0-1.549-0.694-1.549-1.548 c0-0.855,0.691-1.548,1.549-1.548c0.854,0,1.547,0.694,1.547,1.548C8.551,7.881,7.858,8.574,7.004,8.574z M18.339,18.338h-2.669 v-4.177c0-0.996-0.017-2.278-1.387-2.278c-1.389,0-1.601,1.086-1.601,2.206v4.249h-2.667v-8.59h2.559v1.174h0.037 c0.356-0.675,1.227-1.387,2.526-1.387c2.703,0,3.203,1.779,3.203,4.092V18.338z\"><\/path><\/svg><span class=\"wp-block-social-link-label screen-reader-text\">LinkedIn<\/span><\/a><\/li>\n\n<\/ul>\n<\/div>\n\n\n\n<div class=\"wp-block-group alignfull has-global-padding is-layout-constrained wp-container-core-group-is-layout-19e250f3 wp-block-group-is-layout-constrained\">\n<div class=\"wp-block-columns alignfull are-vertically-aligned-center has-light-background-background-color has-background is-layout-flex wp-container-core-columns-is-layout-dd282781 wp-block-columns-is-layout-flex\" style=\"padding-top:0;padding-right:0;padding-bottom:0;padding-left:0\">\n<div class=\"wp-block-column is-vertically-aligned-center map-grayscale is-layout-flow wp-block-column-is-layout-flow\" style=\"flex-basis:50%\">\n<figure class=\"wp-block-image size-large\"><img loading=\"lazy\" decoding=\"async\" width=\"1024\" height=\"474\" src=\"https:\/\/corbas-crosstraining.com\/wp-content\/uploads\/2024\/12\/Maps-1024x474.png\" alt=\"\" class=\"wp-image-121\" srcset=\"https:\/\/corbas-crosstraining.com\/wp-content\/uploads\/2024\/12\/Maps-1024x474.png 1024w, https:\/\/corbas-crosstraining.com\/wp-content\/uploads\/2024\/12\/Maps-300x139.png 300w, https:\/\/corbas-crosstraining.com\/wp-content\/uploads\/2024\/12\/Maps.png 1692w\" sizes=\"auto, (max-width: 1024px) 100vw, 1024px\" \/><\/figure>\n<\/div>\n\n\n\n<div class=\"wp-block-column is-vertically-aligned-center is-layout-flow wp-block-column-is-layout-flow\" style=\"padding-top:var(--wp--preset--spacing--small);padding-right:var(--wp--preset--spacing--small);padding-bottom:var(--wp--preset--spacing--small);padding-left:2%;flex-basis:50%\">\n<h3 class=\"wp-block-heading has-large-font-size\">Corbas CrossTraining<\/h3>\n\n\n\n<h3 class=\"wp-block-heading\"><strong>Localisation<\/strong><\/h3>\n\n\n\n<p>69960, Corbas<\/p>\n\n\n\n<h3 class=\"wp-block-heading\"><strong>Email<\/strong><\/h3>\n\n\n\n<p>contact@corbas-crosstraining.com<\/p>\n<\/div>\n<\/div>\n<\/div>\n\n\n\n<div class=\"wp-block-group has-global-padding is-layout-constrained wp-block-group-is-layout-constrained\">\n<hr class=\"wp-block-separator has-alpha-channel-opacity\"\/>\n<\/div>\n\n\n\n<h2 class=\"wp-block-heading\">Vous souhaitez adh\u00e9rer \u00e0 Corbas CrossTraining ?<\/h2>\n\n\n\n<p>T\u00e9l\u00e9chargez notre formulaire d\u2019adh\u00e9sion <\/p>\n\n\n\n<div class=\"wp-block-buttons is-layout-flex wp-block-buttons-is-layout-flex\">\n<div class=\"wp-block-button\"><a class=\"wp-block-button__link wp-element-button\" href=\"http:\/\/corbas-crosstraining.com\/wp-content\/uploads\/2025\/01\/Bulletin-dadhesion-.pdf\">Par ici !<\/a><\/div>\n<\/div>\n\n\n\n<p><\/p>\n","protected":false},"excerpt":{"rendered":"<p>Vous souhaitez en savoir plus sur nos interventions et actions de sensibilisation ? Vous avez des questions sur nos ateliers ou nos initiatives ?N\u2019h\u00e9sitez pas \u00e0 nous contacter, notre \u00e9quipe est \u00e0 votre disposition pour vous accompagner et r\u00e9pondre \u00e0 toutes vos demandes ! Restons connect\u00e9s ! Rejoignez notre communaut\u00e9 sur les r\u00e9seaux sociaux pour &hellip; <\/p>\n<p class=\"link-more\"><a href=\"https:\/\/corbas-crosstraining.com\/?page_id=14\" class=\"more-link\">Lire la suite de<span class=\"screen-reader-text\">\u00ab\u00a0Contactez-nous\u00a0\u00bb<\/span><\/a><\/p>\n","protected":false},"author":2,"featured_media":0,"parent":0,"menu_order":0,"comment_status":"closed","ping_status":"closed","template":"","meta":{"footnotes":""},"class_list":["post-14","page","type-page","status-publish","hentry"],"yoast_head":"<!-- This site is optimized with the Yoast SEO plugin v27.4 - https:\/\/yoast.com\/product\/yoast-seo-wordpress\/ -->\n<title>Contactez-nous - Corbas CrossTraining<\/title>\n<meta name=\"robots\" content=\"index, follow, max-snippet:-1, max-image-preview:large, max-video-preview:-1\" \/>\n<link rel=\"canonical\" href=\"https:\/\/corbas-crosstraining.com\/?page_id=14\" \/>\n<meta property=\"og:locale\" content=\"fr_FR\" \/>\n<meta property=\"og:type\" content=\"article\" \/>\n<meta property=\"og:title\" content=\"Contactez-nous - Corbas CrossTraining\" \/>\n<meta property=\"og:description\" content=\"Vous souhaitez en savoir plus sur nos interventions et actions de sensibilisation ? Vous avez des questions sur nos ateliers ou nos initiatives ?N\u2019h\u00e9sitez pas \u00e0 nous contacter, notre \u00e9quipe est \u00e0 votre disposition pour vous accompagner et r\u00e9pondre \u00e0 toutes vos demandes ! Restons connect\u00e9s ! Rejoignez notre communaut\u00e9 sur les r\u00e9seaux sociaux pour &hellip; Lire la suite de\u00ab\u00a0Contactez-nous\u00a0\u00bb\" \/>\n<meta property=\"og:url\" content=\"https:\/\/corbas-crosstraining.com\/?page_id=14\" \/>\n<meta property=\"og:site_name\" content=\"Corbas CrossTraining\" \/>\n<meta property=\"article:modified_time\" content=\"2025-01-31T09:20:47+00:00\" \/>\n<meta property=\"og:image\" content=\"https:\/\/corbas-crosstraining.com\/wp-content\/uploads\/2024\/12\/Maps-1024x474.png\" \/>\n<meta name=\"twitter:card\" content=\"summary_large_image\" \/>\n<meta name=\"twitter:label1\" content=\"Dur\u00e9e de lecture estim\u00e9e\" \/>\n\t<meta name=\"twitter:data1\" content=\"1 minute\" \/>\n<script type=\"application\/ld+json\" class=\"yoast-schema-graph\">{\"@context\":\"https:\\\/\\\/schema.org\",\"@graph\":[{\"@type\":\"WebPage\",\"@id\":\"https:\\\/\\\/corbas-crosstraining.com\\\/?page_id=14\",\"url\":\"https:\\\/\\\/corbas-crosstraining.com\\\/?page_id=14\",\"name\":\"Contactez-nous - Corbas CrossTraining\",\"isPartOf\":{\"@id\":\"https:\\\/\\\/corbas-crosstraining.com\\\/#website\"},\"primaryImageOfPage\":{\"@id\":\"https:\\\/\\\/corbas-crosstraining.com\\\/?page_id=14#primaryimage\"},\"image\":{\"@id\":\"https:\\\/\\\/corbas-crosstraining.com\\\/?page_id=14#primaryimage\"},\"thumbnailUrl\":\"https:\\\/\\\/corbas-crosstraining.com\\\/wp-content\\\/uploads\\\/2024\\\/12\\\/Maps-1024x474.png\",\"datePublished\":\"2024-12-16T14:30:09+00:00\",\"dateModified\":\"2025-01-31T09:20:47+00:00\",\"breadcrumb\":{\"@id\":\"https:\\\/\\\/corbas-crosstraining.com\\\/?page_id=14#breadcrumb\"},\"inLanguage\":\"fr-FR\",\"potentialAction\":[{\"@type\":\"ReadAction\",\"target\":[\"https:\\\/\\\/corbas-crosstraining.com\\\/?page_id=14\"]}]},{\"@type\":\"ImageObject\",\"inLanguage\":\"fr-FR\",\"@id\":\"https:\\\/\\\/corbas-crosstraining.com\\\/?page_id=14#primaryimage\",\"url\":\"https:\\\/\\\/corbas-crosstraining.com\\\/wp-content\\\/uploads\\\/2024\\\/12\\\/Maps.png\",\"contentUrl\":\"https:\\\/\\\/corbas-crosstraining.com\\\/wp-content\\\/uploads\\\/2024\\\/12\\\/Maps.png\",\"width\":1692,\"height\":783},{\"@type\":\"BreadcrumbList\",\"@id\":\"https:\\\/\\\/corbas-crosstraining.com\\\/?page_id=14#breadcrumb\",\"itemListElement\":[{\"@type\":\"ListItem\",\"position\":1,\"name\":\"Accueil\",\"item\":\"https:\\\/\\\/corbas-crosstraining.com\\\/\"},{\"@type\":\"ListItem\",\"position\":2,\"name\":\"Contactez-nous\"}]},{\"@type\":\"WebSite\",\"@id\":\"https:\\\/\\\/corbas-crosstraining.com\\\/#website\",\"url\":\"https:\\\/\\\/corbas-crosstraining.com\\\/\",\"name\":\"WordPress CorbasCrossTraining\",\"description\":\"Un site utilisant WordPress\",\"publisher\":{\"@id\":\"https:\\\/\\\/corbas-crosstraining.com\\\/#organization\"},\"potentialAction\":[{\"@type\":\"SearchAction\",\"target\":{\"@type\":\"EntryPoint\",\"urlTemplate\":\"https:\\\/\\\/corbas-crosstraining.com\\\/?s={search_term_string}\"},\"query-input\":{\"@type\":\"PropertyValueSpecification\",\"valueRequired\":true,\"valueName\":\"search_term_string\"}}],\"inLanguage\":\"fr-FR\"},{\"@type\":\"Organization\",\"@id\":\"https:\\\/\\\/corbas-crosstraining.com\\\/#organization\",\"name\":\"WordPress\",\"url\":\"https:\\\/\\\/corbas-crosstraining.com\\\/\",\"logo\":{\"@type\":\"ImageObject\",\"inLanguage\":\"fr-FR\",\"@id\":\"https:\\\/\\\/corbas-crosstraining.com\\\/#\\\/schema\\\/logo\\\/image\\\/\",\"url\":\"http:\\\/\\\/corbas-crosstraining.com\\\/wp-content\\\/uploads\\\/2024\\\/12\\\/LOGO-Asso-Corbas-CrossTraining.png\",\"contentUrl\":\"http:\\\/\\\/corbas-crosstraining.com\\\/wp-content\\\/uploads\\\/2024\\\/12\\\/LOGO-Asso-Corbas-CrossTraining.png\",\"width\":500,\"height\":500,\"caption\":\"WordPress\"},\"image\":{\"@id\":\"https:\\\/\\\/corbas-crosstraining.com\\\/#\\\/schema\\\/logo\\\/image\\\/\"}}]}<\/script>\n<!-- \/ Yoast SEO plugin. -->","yoast_head_json":{"title":"Contactez-nous - Corbas CrossTraining","robots":{"index":"index","follow":"follow","max-snippet":"max-snippet:-1","max-image-preview":"max-image-preview:large","max-video-preview":"max-video-preview:-1"},"canonical":"https:\/\/corbas-crosstraining.com\/?page_id=14","og_locale":"fr_FR","og_type":"article","og_title":"Contactez-nous - Corbas CrossTraining","og_description":"Vous souhaitez en savoir plus sur nos interventions et actions de sensibilisation ? Vous avez des questions sur nos ateliers ou nos initiatives ?N\u2019h\u00e9sitez pas \u00e0 nous contacter, notre \u00e9quipe est \u00e0 votre disposition pour vous accompagner et r\u00e9pondre \u00e0 toutes vos demandes ! Restons connect\u00e9s ! Rejoignez notre communaut\u00e9 sur les r\u00e9seaux sociaux pour &hellip; Lire la suite de\u00ab\u00a0Contactez-nous\u00a0\u00bb","og_url":"https:\/\/corbas-crosstraining.com\/?page_id=14","og_site_name":"Corbas CrossTraining","article_modified_time":"2025-01-31T09:20:47+00:00","og_image":[{"url":"https:\/\/corbas-crosstraining.com\/wp-content\/uploads\/2024\/12\/Maps-1024x474.png","type":"","width":"","height":""}],"twitter_card":"summary_large_image","twitter_misc":{"Dur\u00e9e de lecture estim\u00e9e":"1 minute"},"schema":{"@context":"https:\/\/schema.org","@graph":[{"@type":"WebPage","@id":"https:\/\/corbas-crosstraining.com\/?page_id=14","url":"https:\/\/corbas-crosstraining.com\/?page_id=14","name":"Contactez-nous - Corbas CrossTraining","isPartOf":{"@id":"https:\/\/corbas-crosstraining.com\/#website"},"primaryImageOfPage":{"@id":"https:\/\/corbas-crosstraining.com\/?page_id=14#primaryimage"},"image":{"@id":"https:\/\/corbas-crosstraining.com\/?page_id=14#primaryimage"},"thumbnailUrl":"https:\/\/corbas-crosstraining.com\/wp-content\/uploads\/2024\/12\/Maps-1024x474.png","datePublished":"2024-12-16T14:30:09+00:00","dateModified":"2025-01-31T09:20:47+00:00","breadcrumb":{"@id":"https:\/\/corbas-crosstraining.com\/?page_id=14#breadcrumb"},"inLanguage":"fr-FR","potentialAction":[{"@type":"ReadAction","target":["https:\/\/corbas-crosstraining.com\/?page_id=14"]}]},{"@type":"ImageObject","inLanguage":"fr-FR","@id":"https:\/\/corbas-crosstraining.com\/?page_id=14#primaryimage","url":"https:\/\/corbas-crosstraining.com\/wp-content\/uploads\/2024\/12\/Maps.png","contentUrl":"https:\/\/corbas-crosstraining.com\/wp-content\/uploads\/2024\/12\/Maps.png","width":1692,"height":783},{"@type":"BreadcrumbList","@id":"https:\/\/corbas-crosstraining.com\/?page_id=14#breadcrumb","itemListElement":[{"@type":"ListItem","position":1,"name":"Accueil","item":"https:\/\/corbas-crosstraining.com\/"},{"@type":"ListItem","position":2,"name":"Contactez-nous"}]},{"@type":"WebSite","@id":"https:\/\/corbas-crosstraining.com\/#website","url":"https:\/\/corbas-crosstraining.com\/","name":"WordPress CorbasCrossTraining","description":"Un site utilisant WordPress","publisher":{"@id":"https:\/\/corbas-crosstraining.com\/#organization"},"potentialAction":[{"@type":"SearchAction","target":{"@type":"EntryPoint","urlTemplate":"https:\/\/corbas-crosstraining.com\/?s={search_term_string}"},"query-input":{"@type":"PropertyValueSpecification","valueRequired":true,"valueName":"search_term_string"}}],"inLanguage":"fr-FR"},{"@type":"Organization","@id":"https:\/\/corbas-crosstraining.com\/#organization","name":"WordPress","url":"https:\/\/corbas-crosstraining.com\/","logo":{"@type":"ImageObject","inLanguage":"fr-FR","@id":"https:\/\/corbas-crosstraining.com\/#\/schema\/logo\/image\/","url":"http:\/\/corbas-crosstraining.com\/wp-content\/uploads\/2024\/12\/LOGO-Asso-Corbas-CrossTraining.png","contentUrl":"http:\/\/corbas-crosstraining.com\/wp-content\/uploads\/2024\/12\/LOGO-Asso-Corbas-CrossTraining.png","width":500,"height":500,"caption":"WordPress"},"image":{"@id":"https:\/\/corbas-crosstraining.com\/#\/schema\/logo\/image\/"}}]}},"_links":{"self":[{"href":"https:\/\/corbas-crosstraining.com\/index.php?rest_route=\/wp\/v2\/pages\/14","targetHints":{"allow":["GET"]}}],"collection":[{"href":"https:\/\/corbas-crosstraining.com\/index.php?rest_route=\/wp\/v2\/pages"}],"about":[{"href":"https:\/\/corbas-crosstraining.com\/index.php?rest_route=\/wp\/v2\/types\/page"}],"author":[{"embeddable":true,"href":"https:\/\/corbas-crosstraining.com\/index.php?rest_route=\/wp\/v2\/users\/2"}],"replies":[{"embeddable":true,"href":"https:\/\/corbas-crosstraining.com\/index.php?rest_route=%2Fwp%2Fv2%2Fcomments&post=14"}],"version-history":[{"count":17,"href":"https:\/\/corbas-crosstraining.com\/index.php?rest_route=\/wp\/v2\/pages\/14\/revisions"}],"predecessor-version":[{"id":201,"href":"https:\/\/corbas-crosstraining.com\/index.php?rest_route=\/wp\/v2\/pages\/14\/revisions\/201"}],"wp:attachment":[{"href":"https:\/\/corbas-crosstraining.com\/index.php?rest_route=%2Fwp%2Fv2%2Fmedia&parent=14"}],"curies":[{"name":"wp","href":"https:\/\/api.w.org\/{rel}","templated":true}]}}