{"id":206,"date":"2025-01-31T11:24:36","date_gmt":"2025-01-31T10:24:36","guid":{"rendered":"https:\/\/corbas-crosstraining.com\/?page_id=206"},"modified":"2025-02-04T09:59:59","modified_gmt":"2025-02-04T08:59:59","slug":"pour-qui","status":"publish","type":"page","link":"https:\/\/corbas-crosstraining.com\/?page_id=206","title":{"rendered":"Nos champs d&rsquo;interventions"},"content":{"rendered":"\n<h1 class=\"wp-block-heading\">Pour qui est Corbas CrossTraining ?<\/h1>\n\n\n\n<p>Chez Corbas CrossTraining, nous croyons que chacun m\u00e9rite d\u2019acc\u00e9der aux bienfaits d\u2019une activit\u00e9 physique adapt\u00e9e et d\u2019un accompagnement sur-mesure. Nous intervenons aupr\u00e8s de publics vari\u00e9s, avec des besoins sp\u00e9cifiques, pour promouvoir la sant\u00e9, le bien-\u00eatre et l\u2019inclusion sociale. <br>D\u00e9couvrez si nos services sont faits pour vous ou votre structure.<\/p>\n\n\n\n<h2 class=\"wp-block-heading\">\u00c0 destination du public mineur \u00ab d\u00e9linquant \u00bb ou \u00ab sous protection \u00bb. <\/h2>\n\n\n\n<p>Le sport peut grandement contribuer \u00e0 am\u00e9liorer la sant\u00e9 physique et mentale. Ils offrent \u00e9galement au monde un langage, un soutien et un sentiment d&rsquo;appartenance universels. <br>Dans la promotion du respect mutuel et de la tol\u00e9rance, les sports nous enseignent d&rsquo;importantes comp\u00e9tences sociales et interpersonnelles. Utiliser les sports pour venir en aide aux personnes, en particulier les jeunes, a prouv\u00e9 \u00eatre un outil efficace afin d&rsquo;\u00e9viter que ces derniers ne tombent dans un cercle criminel, de comportements antisociaux, de violence ou de drogues.<\/p>\n\n\n\n<h2 class=\"wp-block-heading\">Aider les femmes \u00e0 se reconstruire physiquement et mentalement.<\/h2>\n\n\n\n<p>L\u2019association a pour autre objectif d\u2019aider les femmes et les jeunes filles en situation de vuln\u00e9rabilit\u00e9 \u00e0 se reconstruire gr\u00e2ce au sport. <br>L\u2019activit\u00e9 physique permet \u00e0 la fois de renforcer l\u2019estime de soi, de se r\u00e9approprier son corps mais aussi de retrouver une confiance dans sa capacit\u00e9 d\u2019agir, primordiale dans la r\u00e9ussite d\u2019un parcours global d\u2019insertion.<\/p>\n\n\n\n<h2 class=\"wp-block-heading\">Lutte contre les addictions.<\/h2>\n\n\n\n<p>La prise en charge des addictions, qu\u2019elles soient li\u00e9es \u00e0 des substances ou \u00e0 des comportements, pose un d\u00e9fi majeur pour la sant\u00e9 individuelle et collective. Au-del\u00e0 de l\u2019am\u00e9lioration de la condition physique et du bien-\u00eatre, <strong>le sport est aussi un alli\u00e9 puissant dans la pr\u00e9vention et le traitement des addictions.<\/strong><\/p>\n\n\n\n<h2 class=\"wp-block-heading\">R\u00e9duire le stress et les risques psychosociaux au travail.<\/h2>\n\n\n\n<p>Int\u00e9grer le sport ou des exercices physiques au quotidien ne n\u00e9cessite pas toujours de grands efforts. Les entreprises peuvent encourager leurs collaborateurs en proposant des pauses actives, des s\u00e9ances de relaxation ou des activit\u00e9s de groupe. Les b\u00e9n\u00e9fices pour l\u2019entreprise sont nombreux :<\/p>\n\n\n\n<ul class=\"wp-block-list\">\n<li><strong>Moins stress\u00e9s et plus \u00e9panouis sont souvent plus motiv\u00e9s<\/strong>, ce qui entra\u00eene une <strong>meilleure ambiance de travail<\/strong> et une diminution des risques psychosociaux.<\/li>\n<\/ul>\n\n\n\n<p>En r\u00e9sum\u00e9, l\u2019activit\u00e9 physique est une solution simple et accessible pour am\u00e9liorer le bien-\u00eatre mental et r\u00e9duire le stress au travail. Elle repr\u00e9sente un investissement dans la sant\u00e9 mentale des collaborateurs et, par cons\u00e9quent, dans la performance globale de l\u2019entreprise.<\/p>\n","protected":false},"excerpt":{"rendered":"<p>Pour qui est Corbas CrossTraining ? Chez Corbas CrossTraining, nous croyons que chacun m\u00e9rite d\u2019acc\u00e9der aux bienfaits d\u2019une activit\u00e9 physique adapt\u00e9e et d\u2019un accompagnement sur-mesure. Nous intervenons aupr\u00e8s de publics vari\u00e9s, avec des besoins sp\u00e9cifiques, pour promouvoir la sant\u00e9, le bien-\u00eatre et l\u2019inclusion sociale. D\u00e9couvrez si nos services sont faits pour vous ou votre structure. &hellip; <\/p>\n<p class=\"link-more\"><a href=\"https:\/\/corbas-crosstraining.com\/?page_id=206\" class=\"more-link\">Lire la suite de<span class=\"screen-reader-text\">\u00ab\u00a0Nos champs d&rsquo;interventions\u00a0\u00bb<\/span><\/a><\/p>\n","protected":false},"author":2,"featured_media":0,"parent":0,"menu_order":0,"comment_status":"closed","ping_status":"closed","template":"","meta":{"footnotes":""},"class_list":["post-206","page","type-page","status-publish","hentry"],"yoast_head":"<!-- This site is optimized with the Yoast SEO plugin v27.4 - https:\/\/yoast.com\/product\/yoast-seo-wordpress\/ -->\n<title>Nos champs d&#039;interventions - Corbas CrossTraining<\/title>\n<meta name=\"robots\" content=\"index, follow, max-snippet:-1, max-image-preview:large, max-video-preview:-1\" \/>\n<link rel=\"canonical\" href=\"https:\/\/corbas-crosstraining.com\/?page_id=206\" \/>\n<meta property=\"og:locale\" content=\"fr_FR\" \/>\n<meta property=\"og:type\" content=\"article\" \/>\n<meta property=\"og:title\" content=\"Nos champs d&#039;interventions - Corbas CrossTraining\" \/>\n<meta property=\"og:description\" content=\"Pour qui est Corbas CrossTraining ? Chez Corbas CrossTraining, nous croyons que chacun m\u00e9rite d\u2019acc\u00e9der aux bienfaits d\u2019une activit\u00e9 physique adapt\u00e9e et d\u2019un accompagnement sur-mesure. Nous intervenons aupr\u00e8s de publics vari\u00e9s, avec des besoins sp\u00e9cifiques, pour promouvoir la sant\u00e9, le bien-\u00eatre et l\u2019inclusion sociale. D\u00e9couvrez si nos services sont faits pour vous ou votre structure. &hellip; Lire la suite de\u00ab\u00a0Nos champs d&rsquo;interventions\u00a0\u00bb\" \/>\n<meta property=\"og:url\" content=\"https:\/\/corbas-crosstraining.com\/?page_id=206\" \/>\n<meta property=\"og:site_name\" content=\"Corbas CrossTraining\" \/>\n<meta property=\"article:modified_time\" content=\"2025-02-04T08:59:59+00:00\" \/>\n<meta name=\"twitter:card\" content=\"summary_large_image\" \/>\n<meta name=\"twitter:label1\" content=\"Dur\u00e9e de lecture estim\u00e9e\" \/>\n\t<meta name=\"twitter:data1\" content=\"2 minutes\" \/>\n<script type=\"application\/ld+json\" class=\"yoast-schema-graph\">{\"@context\":\"https:\\\/\\\/schema.org\",\"@graph\":[{\"@type\":\"WebPage\",\"@id\":\"https:\\\/\\\/corbas-crosstraining.com\\\/?page_id=206\",\"url\":\"https:\\\/\\\/corbas-crosstraining.com\\\/?page_id=206\",\"name\":\"Nos champs d'interventions - Corbas CrossTraining\",\"isPartOf\":{\"@id\":\"https:\\\/\\\/corbas-crosstraining.com\\\/#website\"},\"datePublished\":\"2025-01-31T10:24:36+00:00\",\"dateModified\":\"2025-02-04T08:59:59+00:00\",\"breadcrumb\":{\"@id\":\"https:\\\/\\\/corbas-crosstraining.com\\\/?page_id=206#breadcrumb\"},\"inLanguage\":\"fr-FR\",\"potentialAction\":[{\"@type\":\"ReadAction\",\"target\":[\"https:\\\/\\\/corbas-crosstraining.com\\\/?page_id=206\"]}]},{\"@type\":\"BreadcrumbList\",\"@id\":\"https:\\\/\\\/corbas-crosstraining.com\\\/?page_id=206#breadcrumb\",\"itemListElement\":[{\"@type\":\"ListItem\",\"position\":1,\"name\":\"Accueil\",\"item\":\"https:\\\/\\\/corbas-crosstraining.com\\\/\"},{\"@type\":\"ListItem\",\"position\":2,\"name\":\"Nos champs d&rsquo;interventions\"}]},{\"@type\":\"WebSite\",\"@id\":\"https:\\\/\\\/corbas-crosstraining.com\\\/#website\",\"url\":\"https:\\\/\\\/corbas-crosstraining.com\\\/\",\"name\":\"WordPress CorbasCrossTraining\",\"description\":\"Un site utilisant WordPress\",\"publisher\":{\"@id\":\"https:\\\/\\\/corbas-crosstraining.com\\\/#organization\"},\"potentialAction\":[{\"@type\":\"SearchAction\",\"target\":{\"@type\":\"EntryPoint\",\"urlTemplate\":\"https:\\\/\\\/corbas-crosstraining.com\\\/?s={search_term_string}\"},\"query-input\":{\"@type\":\"PropertyValueSpecification\",\"valueRequired\":true,\"valueName\":\"search_term_string\"}}],\"inLanguage\":\"fr-FR\"},{\"@type\":\"Organization\",\"@id\":\"https:\\\/\\\/corbas-crosstraining.com\\\/#organization\",\"name\":\"WordPress\",\"url\":\"https:\\\/\\\/corbas-crosstraining.com\\\/\",\"logo\":{\"@type\":\"ImageObject\",\"inLanguage\":\"fr-FR\",\"@id\":\"https:\\\/\\\/corbas-crosstraining.com\\\/#\\\/schema\\\/logo\\\/image\\\/\",\"url\":\"http:\\\/\\\/corbas-crosstraining.com\\\/wp-content\\\/uploads\\\/2024\\\/12\\\/LOGO-Asso-Corbas-CrossTraining.png\",\"contentUrl\":\"http:\\\/\\\/corbas-crosstraining.com\\\/wp-content\\\/uploads\\\/2024\\\/12\\\/LOGO-Asso-Corbas-CrossTraining.png\",\"width\":500,\"height\":500,\"caption\":\"WordPress\"},\"image\":{\"@id\":\"https:\\\/\\\/corbas-crosstraining.com\\\/#\\\/schema\\\/logo\\\/image\\\/\"}}]}<\/script>\n<!-- \/ Yoast SEO plugin. -->","yoast_head_json":{"title":"Nos champs d'interventions - Corbas CrossTraining","robots":{"index":"index","follow":"follow","max-snippet":"max-snippet:-1","max-image-preview":"max-image-preview:large","max-video-preview":"max-video-preview:-1"},"canonical":"https:\/\/corbas-crosstraining.com\/?page_id=206","og_locale":"fr_FR","og_type":"article","og_title":"Nos champs d'interventions - Corbas CrossTraining","og_description":"Pour qui est Corbas CrossTraining ? Chez Corbas CrossTraining, nous croyons que chacun m\u00e9rite d\u2019acc\u00e9der aux bienfaits d\u2019une activit\u00e9 physique adapt\u00e9e et d\u2019un accompagnement sur-mesure. Nous intervenons aupr\u00e8s de publics vari\u00e9s, avec des besoins sp\u00e9cifiques, pour promouvoir la sant\u00e9, le bien-\u00eatre et l\u2019inclusion sociale. D\u00e9couvrez si nos services sont faits pour vous ou votre structure. &hellip; Lire la suite de\u00ab\u00a0Nos champs d&rsquo;interventions\u00a0\u00bb","og_url":"https:\/\/corbas-crosstraining.com\/?page_id=206","og_site_name":"Corbas CrossTraining","article_modified_time":"2025-02-04T08:59:59+00:00","twitter_card":"summary_large_image","twitter_misc":{"Dur\u00e9e de lecture estim\u00e9e":"2 minutes"},"schema":{"@context":"https:\/\/schema.org","@graph":[{"@type":"WebPage","@id":"https:\/\/corbas-crosstraining.com\/?page_id=206","url":"https:\/\/corbas-crosstraining.com\/?page_id=206","name":"Nos champs d'interventions - Corbas CrossTraining","isPartOf":{"@id":"https:\/\/corbas-crosstraining.com\/#website"},"datePublished":"2025-01-31T10:24:36+00:00","dateModified":"2025-02-04T08:59:59+00:00","breadcrumb":{"@id":"https:\/\/corbas-crosstraining.com\/?page_id=206#breadcrumb"},"inLanguage":"fr-FR","potentialAction":[{"@type":"ReadAction","target":["https:\/\/corbas-crosstraining.com\/?page_id=206"]}]},{"@type":"BreadcrumbList","@id":"https:\/\/corbas-crosstraining.com\/?page_id=206#breadcrumb","itemListElement":[{"@type":"ListItem","position":1,"name":"Accueil","item":"https:\/\/corbas-crosstraining.com\/"},{"@type":"ListItem","position":2,"name":"Nos champs d&rsquo;interventions"}]},{"@type":"WebSite","@id":"https:\/\/corbas-crosstraining.com\/#website","url":"https:\/\/corbas-crosstraining.com\/","name":"WordPress CorbasCrossTraining","description":"Un site utilisant WordPress","publisher":{"@id":"https:\/\/corbas-crosstraining.com\/#organization"},"potentialAction":[{"@type":"SearchAction","target":{"@type":"EntryPoint","urlTemplate":"https:\/\/corbas-crosstraining.com\/?s={search_term_string}"},"query-input":{"@type":"PropertyValueSpecification","valueRequired":true,"valueName":"search_term_string"}}],"inLanguage":"fr-FR"},{"@type":"Organization","@id":"https:\/\/corbas-crosstraining.com\/#organization","name":"WordPress","url":"https:\/\/corbas-crosstraining.com\/","logo":{"@type":"ImageObject","inLanguage":"fr-FR","@id":"https:\/\/corbas-crosstraining.com\/#\/schema\/logo\/image\/","url":"http:\/\/corbas-crosstraining.com\/wp-content\/uploads\/2024\/12\/LOGO-Asso-Corbas-CrossTraining.png","contentUrl":"http:\/\/corbas-crosstraining.com\/wp-content\/uploads\/2024\/12\/LOGO-Asso-Corbas-CrossTraining.png","width":500,"height":500,"caption":"WordPress"},"image":{"@id":"https:\/\/corbas-crosstraining.com\/#\/schema\/logo\/image\/"}}]}},"_links":{"self":[{"href":"https:\/\/corbas-crosstraining.com\/index.php?rest_route=\/wp\/v2\/pages\/206","targetHints":{"allow":["GET"]}}],"collection":[{"href":"https:\/\/corbas-crosstraining.com\/index.php?rest_route=\/wp\/v2\/pages"}],"about":[{"href":"https:\/\/corbas-crosstraining.com\/index.php?rest_route=\/wp\/v2\/types\/page"}],"author":[{"embeddable":true,"href":"https:\/\/corbas-crosstraining.com\/index.php?rest_route=\/wp\/v2\/users\/2"}],"replies":[{"embeddable":true,"href":"https:\/\/corbas-crosstraining.com\/index.php?rest_route=%2Fwp%2Fv2%2Fcomments&post=206"}],"version-history":[{"count":3,"href":"https:\/\/corbas-crosstraining.com\/index.php?rest_route=\/wp\/v2\/pages\/206\/revisions"}],"predecessor-version":[{"id":213,"href":"https:\/\/corbas-crosstraining.com\/index.php?rest_route=\/wp\/v2\/pages\/206\/revisions\/213"}],"wp:attachment":[{"href":"https:\/\/corbas-crosstraining.com\/index.php?rest_route=%2Fwp%2Fv2%2Fmedia&parent=206"}],"curies":[{"name":"wp","href":"https:\/\/api.w.org\/{rel}","templated":true}]}}