{"id":3,"date":"2024-12-06T10:28:33","date_gmt":"2024-12-06T09:28:33","guid":{"rendered":"http:\/\/corbas-crosstraining.com\/?page_id=3"},"modified":"2024-12-27T10:51:18","modified_gmt":"2024-12-27T09:51:18","slug":"politique-de-confidentialite","status":"publish","type":"page","link":"https:\/\/corbas-crosstraining.com\/?page_id=3","title":{"rendered":"Politique de confidentialit\u00e9"},"content":{"rendered":"\n<h2 class=\"wp-block-heading\">Qui sommes-nous&nbsp;?<\/h2>\n\n\n\n<p>L\u2019adresse de notre site est\u00a0: http:\/\/corbas-crosstraining.com.<\/p>\n\n\n\n<h4 class=\"wp-block-heading\">Chez Corbas Crosstraining, nous nous engageons \u00e0 prot\u00e9ger votre vie priv\u00e9e.<br>Cette Politique de Confidentialit\u00e9 explique comment nous collectons, utilisons, partageons et prot\u00e9geons les informations personnelles que nous recueillons sur notre site web, <a href=\"https:\/\/corbas-crosstraining.com\">https:\/\/corbas-crosstraining.com<\/a>. <br>En utilisant notre site, vous acceptez les pratiques d\u00e9crites dans cette Politique de Confidentialit\u00e9.<\/h4>\n\n\n\n<h4 class=\"wp-block-heading\">1. Informations que nous collectons<\/h4>\n\n\n\n<p>Nous pouvons collecter les informations suivantes lorsque vous utilisez notre site :<\/p>\n\n\n\n<ul class=\"wp-block-list\">\n<li><strong>Informations personnelles<\/strong> : nom, adresse email, num\u00e9ro de t\u00e9l\u00e9phone, etc., que vous fournissez en remplissant les formulaires sur notre site, comme lors de l&rsquo;inscription \u00e0 des cours ou en nous contactant pour des renseignements.<\/li>\n\n\n\n<li><strong>Informations techniques<\/strong> : type de navigateur, adresse IP, pages visit\u00e9es, et autres donn\u00e9es de journal.<\/li>\n<\/ul>\n\n\n\n<h4 class=\"wp-block-heading\">2. Comment nous utilisons vos informations<\/h4>\n\n\n\n<p>Nous utilisons les informations que nous collectons pour :<\/p>\n\n\n\n<ul class=\"wp-block-list\">\n<li>Fournir, exploiter et maintenir notre site ;<\/li>\n\n\n\n<li>Am\u00e9liorer, personnaliser et \u00e9tendre notre site ;<\/li>\n\n\n\n<li>Comprendre et analyser comment vous utilisez notre site ;<\/li>\n\n\n\n<li>D\u00e9velopper de nouveaux programmes, services, fonctionnalit\u00e9s, et fonctionnalit\u00e9s ;<\/li>\n\n\n\n<li>Communiquer avec vous, directement ou par l&rsquo;interm\u00e9diaire de l&rsquo;un de nos partenaires, notamment pour le service client, pour vous fournir des mises \u00e0 jour et d&rsquo;autres informations relatives au site, et \u00e0 des fins de marketing et de promotion.<\/li>\n<\/ul>\n\n\n\n<h4 class=\"wp-block-heading\">3. Partage de vos informations<\/h4>\n\n\n\n<p>Nous ne vendons ni ne partageons vos informations personnelles avec des tiers, sauf dans les cas suivants :<\/p>\n\n\n\n<ul class=\"wp-block-list\">\n<li><strong>Consentement<\/strong> : Nous partagerons vos informations avec des tiers lorsque nous aurons votre consentement \u00e0 le faire.<\/li>\n\n\n\n<li><strong>Fournisseurs de services<\/strong> : Nous pouvons partager vos informations avec des fournisseurs de services tiers qui nous aident \u00e0 fournir notre site.<\/li>\n\n\n\n<li><strong>Exigences l\u00e9gales<\/strong> : Nous divulguerons vos informations o\u00f9 requis par la loi ou si nous pensons de bonne foi que cette action est n\u00e9cessaire pour se conformer \u00e0 des obligations l\u00e9gales.<\/li>\n<\/ul>\n\n\n\n<h4 class=\"wp-block-heading\">4. S\u00e9curit\u00e9<\/h4>\n\n\n\n<p>Nous prenons des mesures raisonnables pour prot\u00e9ger les informations que vous nous fournissez contre la perte, le vol, l&rsquo;utilisation abusive et l&rsquo;acc\u00e8s non autoris\u00e9, la divulgation, l&rsquo;alt\u00e9ration et la destruction.<\/p>\n\n\n\n<h4 class=\"wp-block-heading\">5. Vos droits<\/h4>\n\n\n\n<p>Vous avez le droit de demander l&rsquo;acc\u00e8s, la rectification ou l&rsquo;effacement de vos donn\u00e9es personnelles. Vous pouvez \u00e9galement demander la limitation du traitement de vos donn\u00e9es personnelles, s&rsquo;opposer \u00e0 leur traitement et demander leur transf\u00e9rabilit\u00e9.<\/p>\n\n\n\n<h4 class=\"wp-block-heading\">6. Modifications de cette politique de confidentialit\u00e9<\/h4>\n\n\n\n<p>Nous pouvons mettre \u00e0 jour notre politique de confidentialit\u00e9 de temps \u00e0 autre. Nous vous notifierons de toute modification en publiant la nouvelle politique de confidentialit\u00e9 sur cette page.<\/p>\n\n\n\n<h4 class=\"wp-block-heading\">Contactez-nous<\/h4>\n\n\n\n<p>Si vous avez des questions sur cette politique de confidentialit\u00e9, veuillez nous contacter \u00e0 <a>contact@corbas-crosstraining.com<\/a>.<\/p>\n","protected":false},"excerpt":{"rendered":"<p>Qui sommes-nous&nbsp;? L\u2019adresse de notre site est\u00a0: http:\/\/corbas-crosstraining.com. Chez Corbas Crosstraining, nous nous engageons \u00e0 prot\u00e9ger votre vie priv\u00e9e.Cette Politique de Confidentialit\u00e9 explique comment nous collectons, utilisons, partageons et prot\u00e9geons les informations personnelles que nous recueillons sur notre site web, https:\/\/corbas-crosstraining.com. En utilisant notre site, vous acceptez les pratiques d\u00e9crites dans cette Politique de Confidentialit\u00e9. &hellip; <\/p>\n<p class=\"link-more\"><a href=\"https:\/\/corbas-crosstraining.com\/?page_id=3\" class=\"more-link\">Lire la suite de<span class=\"screen-reader-text\">\u00ab\u00a0Politique de confidentialit\u00e9\u00a0\u00bb<\/span><\/a><\/p>\n","protected":false},"author":1,"featured_media":0,"parent":0,"menu_order":0,"comment_status":"closed","ping_status":"open","template":"","meta":{"footnotes":""},"class_list":["post-3","page","type-page","status-publish","hentry"],"yoast_head":"<!-- This site is optimized with the Yoast SEO plugin v27.4 - https:\/\/yoast.com\/product\/yoast-seo-wordpress\/ -->\n<title>Politique de confidentialit\u00e9 - Corbas CrossTraining<\/title>\n<meta name=\"robots\" content=\"index, follow, max-snippet:-1, max-image-preview:large, max-video-preview:-1\" \/>\n<link rel=\"canonical\" href=\"https:\/\/corbas-crosstraining.com\/?page_id=3\" \/>\n<meta property=\"og:locale\" content=\"fr_FR\" \/>\n<meta property=\"og:type\" content=\"article\" \/>\n<meta property=\"og:title\" content=\"Politique de confidentialit\u00e9 - Corbas CrossTraining\" \/>\n<meta property=\"og:description\" content=\"Qui sommes-nous&nbsp;? L\u2019adresse de notre site est\u00a0: http:\/\/corbas-crosstraining.com. Chez Corbas Crosstraining, nous nous engageons \u00e0 prot\u00e9ger votre vie priv\u00e9e.Cette Politique de Confidentialit\u00e9 explique comment nous collectons, utilisons, partageons et prot\u00e9geons les informations personnelles que nous recueillons sur notre site web, https:\/\/corbas-crosstraining.com. En utilisant notre site, vous acceptez les pratiques d\u00e9crites dans cette Politique de Confidentialit\u00e9. &hellip; Lire la suite de\u00ab\u00a0Politique de confidentialit\u00e9\u00a0\u00bb\" \/>\n<meta property=\"og:url\" content=\"https:\/\/corbas-crosstraining.com\/?page_id=3\" \/>\n<meta property=\"og:site_name\" content=\"Corbas CrossTraining\" \/>\n<meta property=\"article:modified_time\" content=\"2024-12-27T09:51:18+00:00\" \/>\n<meta name=\"twitter:card\" content=\"summary_large_image\" \/>\n<meta name=\"twitter:label1\" content=\"Dur\u00e9e de lecture estim\u00e9e\" \/>\n\t<meta name=\"twitter:data1\" content=\"3 minutes\" \/>\n<script type=\"application\/ld+json\" class=\"yoast-schema-graph\">{\"@context\":\"https:\\\/\\\/schema.org\",\"@graph\":[{\"@type\":\"WebPage\",\"@id\":\"https:\\\/\\\/corbas-crosstraining.com\\\/?page_id=3\",\"url\":\"https:\\\/\\\/corbas-crosstraining.com\\\/?page_id=3\",\"name\":\"Politique de confidentialit\u00e9 - Corbas CrossTraining\",\"isPartOf\":{\"@id\":\"https:\\\/\\\/corbas-crosstraining.com\\\/#website\"},\"datePublished\":\"2024-12-06T09:28:33+00:00\",\"dateModified\":\"2024-12-27T09:51:18+00:00\",\"breadcrumb\":{\"@id\":\"https:\\\/\\\/corbas-crosstraining.com\\\/?page_id=3#breadcrumb\"},\"inLanguage\":\"fr-FR\",\"potentialAction\":[{\"@type\":\"ReadAction\",\"target\":[\"https:\\\/\\\/corbas-crosstraining.com\\\/?page_id=3\"]}]},{\"@type\":\"BreadcrumbList\",\"@id\":\"https:\\\/\\\/corbas-crosstraining.com\\\/?page_id=3#breadcrumb\",\"itemListElement\":[{\"@type\":\"ListItem\",\"position\":1,\"name\":\"Accueil\",\"item\":\"https:\\\/\\\/corbas-crosstraining.com\\\/\"},{\"@type\":\"ListItem\",\"position\":2,\"name\":\"Politique de confidentialit\u00e9\"}]},{\"@type\":\"WebSite\",\"@id\":\"https:\\\/\\\/corbas-crosstraining.com\\\/#website\",\"url\":\"https:\\\/\\\/corbas-crosstraining.com\\\/\",\"name\":\"WordPress CorbasCrossTraining\",\"description\":\"Un site utilisant WordPress\",\"publisher\":{\"@id\":\"https:\\\/\\\/corbas-crosstraining.com\\\/#organization\"},\"potentialAction\":[{\"@type\":\"SearchAction\",\"target\":{\"@type\":\"EntryPoint\",\"urlTemplate\":\"https:\\\/\\\/corbas-crosstraining.com\\\/?s={search_term_string}\"},\"query-input\":{\"@type\":\"PropertyValueSpecification\",\"valueRequired\":true,\"valueName\":\"search_term_string\"}}],\"inLanguage\":\"fr-FR\"},{\"@type\":\"Organization\",\"@id\":\"https:\\\/\\\/corbas-crosstraining.com\\\/#organization\",\"name\":\"WordPress\",\"url\":\"https:\\\/\\\/corbas-crosstraining.com\\\/\",\"logo\":{\"@type\":\"ImageObject\",\"inLanguage\":\"fr-FR\",\"@id\":\"https:\\\/\\\/corbas-crosstraining.com\\\/#\\\/schema\\\/logo\\\/image\\\/\",\"url\":\"http:\\\/\\\/corbas-crosstraining.com\\\/wp-content\\\/uploads\\\/2024\\\/12\\\/LOGO-Asso-Corbas-CrossTraining.png\",\"contentUrl\":\"http:\\\/\\\/corbas-crosstraining.com\\\/wp-content\\\/uploads\\\/2024\\\/12\\\/LOGO-Asso-Corbas-CrossTraining.png\",\"width\":500,\"height\":500,\"caption\":\"WordPress\"},\"image\":{\"@id\":\"https:\\\/\\\/corbas-crosstraining.com\\\/#\\\/schema\\\/logo\\\/image\\\/\"}}]}<\/script>\n<!-- \/ Yoast SEO plugin. -->","yoast_head_json":{"title":"Politique de confidentialit\u00e9 - Corbas CrossTraining","robots":{"index":"index","follow":"follow","max-snippet":"max-snippet:-1","max-image-preview":"max-image-preview:large","max-video-preview":"max-video-preview:-1"},"canonical":"https:\/\/corbas-crosstraining.com\/?page_id=3","og_locale":"fr_FR","og_type":"article","og_title":"Politique de confidentialit\u00e9 - Corbas CrossTraining","og_description":"Qui sommes-nous&nbsp;? L\u2019adresse de notre site est\u00a0: http:\/\/corbas-crosstraining.com. Chez Corbas Crosstraining, nous nous engageons \u00e0 prot\u00e9ger votre vie priv\u00e9e.Cette Politique de Confidentialit\u00e9 explique comment nous collectons, utilisons, partageons et prot\u00e9geons les informations personnelles que nous recueillons sur notre site web, https:\/\/corbas-crosstraining.com. En utilisant notre site, vous acceptez les pratiques d\u00e9crites dans cette Politique de Confidentialit\u00e9. &hellip; Lire la suite de\u00ab\u00a0Politique de confidentialit\u00e9\u00a0\u00bb","og_url":"https:\/\/corbas-crosstraining.com\/?page_id=3","og_site_name":"Corbas CrossTraining","article_modified_time":"2024-12-27T09:51:18+00:00","twitter_card":"summary_large_image","twitter_misc":{"Dur\u00e9e de lecture estim\u00e9e":"3 minutes"},"schema":{"@context":"https:\/\/schema.org","@graph":[{"@type":"WebPage","@id":"https:\/\/corbas-crosstraining.com\/?page_id=3","url":"https:\/\/corbas-crosstraining.com\/?page_id=3","name":"Politique de confidentialit\u00e9 - Corbas CrossTraining","isPartOf":{"@id":"https:\/\/corbas-crosstraining.com\/#website"},"datePublished":"2024-12-06T09:28:33+00:00","dateModified":"2024-12-27T09:51:18+00:00","breadcrumb":{"@id":"https:\/\/corbas-crosstraining.com\/?page_id=3#breadcrumb"},"inLanguage":"fr-FR","potentialAction":[{"@type":"ReadAction","target":["https:\/\/corbas-crosstraining.com\/?page_id=3"]}]},{"@type":"BreadcrumbList","@id":"https:\/\/corbas-crosstraining.com\/?page_id=3#breadcrumb","itemListElement":[{"@type":"ListItem","position":1,"name":"Accueil","item":"https:\/\/corbas-crosstraining.com\/"},{"@type":"ListItem","position":2,"name":"Politique de confidentialit\u00e9"}]},{"@type":"WebSite","@id":"https:\/\/corbas-crosstraining.com\/#website","url":"https:\/\/corbas-crosstraining.com\/","name":"WordPress CorbasCrossTraining","description":"Un site utilisant WordPress","publisher":{"@id":"https:\/\/corbas-crosstraining.com\/#organization"},"potentialAction":[{"@type":"SearchAction","target":{"@type":"EntryPoint","urlTemplate":"https:\/\/corbas-crosstraining.com\/?s={search_term_string}"},"query-input":{"@type":"PropertyValueSpecification","valueRequired":true,"valueName":"search_term_string"}}],"inLanguage":"fr-FR"},{"@type":"Organization","@id":"https:\/\/corbas-crosstraining.com\/#organization","name":"WordPress","url":"https:\/\/corbas-crosstraining.com\/","logo":{"@type":"ImageObject","inLanguage":"fr-FR","@id":"https:\/\/corbas-crosstraining.com\/#\/schema\/logo\/image\/","url":"http:\/\/corbas-crosstraining.com\/wp-content\/uploads\/2024\/12\/LOGO-Asso-Corbas-CrossTraining.png","contentUrl":"http:\/\/corbas-crosstraining.com\/wp-content\/uploads\/2024\/12\/LOGO-Asso-Corbas-CrossTraining.png","width":500,"height":500,"caption":"WordPress"},"image":{"@id":"https:\/\/corbas-crosstraining.com\/#\/schema\/logo\/image\/"}}]}},"_links":{"self":[{"href":"https:\/\/corbas-crosstraining.com\/index.php?rest_route=\/wp\/v2\/pages\/3","targetHints":{"allow":["GET"]}}],"collection":[{"href":"https:\/\/corbas-crosstraining.com\/index.php?rest_route=\/wp\/v2\/pages"}],"about":[{"href":"https:\/\/corbas-crosstraining.com\/index.php?rest_route=\/wp\/v2\/types\/page"}],"author":[{"embeddable":true,"href":"https:\/\/corbas-crosstraining.com\/index.php?rest_route=\/wp\/v2\/users\/1"}],"replies":[{"embeddable":true,"href":"https:\/\/corbas-crosstraining.com\/index.php?rest_route=%2Fwp%2Fv2%2Fcomments&post=3"}],"version-history":[{"count":1,"href":"https:\/\/corbas-crosstraining.com\/index.php?rest_route=\/wp\/v2\/pages\/3\/revisions"}],"predecessor-version":[{"id":102,"href":"https:\/\/corbas-crosstraining.com\/index.php?rest_route=\/wp\/v2\/pages\/3\/revisions\/102"}],"wp:attachment":[{"href":"https:\/\/corbas-crosstraining.com\/index.php?rest_route=%2Fwp%2Fv2%2Fmedia&parent=3"}],"curies":[{"name":"wp","href":"https:\/\/api.w.org\/{rel}","templated":true}]}}