{"id":53,"date":"2024-12-18T16:31:44","date_gmt":"2024-12-18T15:31:44","guid":{"rendered":"https:\/\/corbas-crosstraining.com\/?page_id=53"},"modified":"2025-01-31T10:39:34","modified_gmt":"2025-01-31T09:39:34","slug":"nos-prestations","status":"publish","type":"page","link":"https:\/\/corbas-crosstraining.com\/?page_id=53","title":{"rendered":"Nos prestations"},"content":{"rendered":"\n<h3 class=\"wp-block-heading\">Chez Corbas CrossTraining, nous croyons que l&rsquo;activit\u00e9 physique est un levier puissant pour am\u00e9liorer la sant\u00e9, la confiance en soi et la qualit\u00e9 de vie. <\/h3>\n\n\n\n<p>Nos actions sont pens\u00e9es pour <strong>sensibiliser<\/strong>, <strong>informer<\/strong> et <strong>accompagner<\/strong> les individus et les groupes vers une meilleure hygi\u00e8ne de vie, en tenant compte des d\u00e9fis sociaux auxquels ils peuvent \u00eatre confront\u00e9s.<br><br>D\u00e9couvrez nos interventions adapt\u00e9es et accessibles \u00e0 tous :<\/p>\n\n\n\n<div class=\"wp-block-columns is-layout-flex wp-container-core-columns-is-layout-28f84493 wp-block-columns-is-layout-flex\">\n<div class=\"wp-block-column is-layout-flow wp-block-column-is-layout-flow\">\n<h3 class=\"wp-block-heading has-text-align-center\">Prestation d&rsquo;\u00e9valuation<\/h3>\n\n\n\n<figure class=\"wp-block-image size-large\"><img loading=\"lazy\" decoding=\"async\" width=\"1024\" height=\"1024\" src=\"https:\/\/corbas-crosstraining.com\/wp-content\/uploads\/2025\/01\/Design-sans-titre-1024x1024.png\" alt=\"\" class=\"wp-image-202\" srcset=\"https:\/\/corbas-crosstraining.com\/wp-content\/uploads\/2025\/01\/Design-sans-titre-1024x1024.png 1024w, https:\/\/corbas-crosstraining.com\/wp-content\/uploads\/2025\/01\/Design-sans-titre-300x300.png 300w, https:\/\/corbas-crosstraining.com\/wp-content\/uploads\/2025\/01\/Design-sans-titre-150x150.png 150w, https:\/\/corbas-crosstraining.com\/wp-content\/uploads\/2025\/01\/Design-sans-titre.png 1080w\" sizes=\"auto, (max-width: 1024px) 100vw, 1024px\" \/><\/figure>\n\n\n\n<h4 class=\"wp-block-heading has-text-align-center\">Dur\u00e9e : 2H<\/h4>\n\n\n\n<p class=\"has-text-align-center\"><strong>Introduction<\/strong>: Pr\u00e9sentation des participants et discussion sur leurs attentes (15 min).<\/p>\n\n\n\n<p><strong>Quizz \u00e9ducatif<\/strong> : \u00c9valuation des connaissances sur les bienfaits de l&rsquo;activit\u00e9 physique et les habitudes de vie. Objectif : sensibiliser aux concepts essentiels et initier un dialogue participatif.<\/p>\n\n\n\n<p><strong>\u00c9valuation pratique<\/strong> : Tests simples et accessibles pour explorer les capacit\u00e9s physiques (\u00e9quilibre, mobilit\u00e9, souplesse). Objectif : encourager une prise de conscience des forces et axes d&rsquo;am\u00e9lioration individuels.<\/p>\n\n\n\n<p><strong>Restitution participative<\/strong> : Partage des r\u00e9sultats et conseils personnalis\u00e9s pour adopter une vie plus active.<br><br><strong>FAQ et \u00e9changes<\/strong> : Temps d\u00e9di\u00e9 pour r\u00e9pondre aux questions, clarifier les concepts abord\u00e9s et discuter des premi\u00e8res \u00e9tapes possibles vers une hygi\u00e8ne de vie plus \u00e9quilibr\u00e9e (10 min).<br><br><br><br><br><br><br><\/p>\n\n\n\n<div class=\"wp-block-buttons is-content-justification-center is-layout-flex wp-container-core-buttons-is-layout-a89b3969 wp-block-buttons-is-layout-flex\">\n<div class=\"wp-block-button\"><a class=\"wp-block-button__link has-text-align-center wp-element-button\" href=\"https:\/\/corbas-crosstraining.com\/?page_id=14\">Demander un devis<\/a><\/div>\n<\/div>\n<\/div>\n\n\n\n<div class=\"wp-block-column is-layout-flow wp-block-column-is-layout-flow\">\n<h3 class=\"wp-block-heading has-text-align-center\">D\u00e9fi Bien-\u00eatre<\/h3>\n\n\n\n<figure class=\"wp-block-image size-large\"><img loading=\"lazy\" decoding=\"async\" width=\"1024\" height=\"1024\" src=\"http:\/\/corbas-crosstraining.com\/wp-content\/uploads\/2024\/12\/Coach-1024x1024.png\" alt=\"\" class=\"wp-image-60\" srcset=\"https:\/\/corbas-crosstraining.com\/wp-content\/uploads\/2024\/12\/Coach-1024x1024.png 1024w, https:\/\/corbas-crosstraining.com\/wp-content\/uploads\/2024\/12\/Coach-300x300.png 300w, https:\/\/corbas-crosstraining.com\/wp-content\/uploads\/2024\/12\/Coach-150x150.png 150w, https:\/\/corbas-crosstraining.com\/wp-content\/uploads\/2024\/12\/Coach.png 1080w\" sizes=\"auto, (max-width: 1024px) 100vw, 1024px\" \/><\/figure>\n\n\n\n<h4 class=\"wp-block-heading has-text-align-center\">Dur\u00e9e : 3H<\/h4>\n\n\n\n<p class=\"has-text-align-left\">Un d\u00e9fi collectif et accessible, pour d\u00e9couvrir les bienfaits de l&rsquo;activit\u00e9 physique dans une ambiance ludique et motivante. <br><br><strong>Au programme :<\/strong> <br>Des exercices simples et accessibles \u00e0 tous (squats, fentes, mouvements au poids du corps), organis\u00e9s en un circuit con\u00e7u pour encourager la participation et l&rsquo;entraide.<br><br><strong>Objectif principal<\/strong> : Sensibilisation au mouvement, am\u00e9lioration de la mobilit\u00e9 et promotion d&rsquo;une meilleure hygi\u00e8ne de vie.<br><br><strong>Valeurs mises en avant<\/strong> : d\u00e9passement personnel, coop\u00e9ration et plaisir de bouger ensemble.<br><br><br><br><br><br><br><br><br><br><br><br><\/p>\n\n\n\n<div class=\"wp-block-buttons is-content-justification-center is-layout-flex wp-container-core-buttons-is-layout-a89b3969 wp-block-buttons-is-layout-flex\">\n<div class=\"wp-block-button\"><a class=\"wp-block-button__link wp-element-button\" href=\"https:\/\/corbas-crosstraining.com\/?page_id=14\">Demander un devis<\/a><\/div>\n<\/div>\n<\/div>\n\n\n\n<div class=\"wp-block-column is-layout-flow wp-block-column-is-layout-flow\">\n<h3 class=\"wp-block-heading has-text-align-center\">Bien-\u00eatre et \u00e9ducation physique<\/h3>\n\n\n\n<figure class=\"wp-block-image aligncenter size-large\"><img loading=\"lazy\" decoding=\"async\" width=\"1024\" height=\"1024\" src=\"https:\/\/corbas-crosstraining.com\/wp-content\/uploads\/2025\/01\/oach-1024x1024.png\" alt=\"\" class=\"wp-image-204\" srcset=\"https:\/\/corbas-crosstraining.com\/wp-content\/uploads\/2025\/01\/oach-1024x1024.png 1024w, https:\/\/corbas-crosstraining.com\/wp-content\/uploads\/2025\/01\/oach-300x300.png 300w, https:\/\/corbas-crosstraining.com\/wp-content\/uploads\/2025\/01\/oach-150x150.png 150w, https:\/\/corbas-crosstraining.com\/wp-content\/uploads\/2025\/01\/oach.png 1080w\" sizes=\"auto, (max-width: 1024px) 100vw, 1024px\" \/><\/figure>\n\n\n\n<h4 class=\"wp-block-heading has-text-align-center\">Dur\u00e9e : 2H<\/h4>\n\n\n\n<p class=\"has-text-align-center\"><strong>Introduction <\/strong>: Pr\u00e9sentation des participants, mise en contexte, et discussion autour des attentes de l&rsquo;atelier(15 min).<\/p>\n\n\n\n<h4 class=\"wp-block-heading\"><strong>Th\u00e9matiques abord\u00e9es<\/strong> (1h)<\/h4>\n\n\n\n<ul class=\"wp-block-list\">\n<li>Les bienfaits de l&rsquo;activit\u00e9 physique sur la sant\u00e9 globale.<\/li>\n\n\n\n<li>Comprendre le m\u00e9tabolisme : son r\u00f4le dans notre quotidien.<\/li>\n\n\n\n<li>Les macronutriments (prot\u00e9ines, glucides, lipides) : comment ils influencent notre \u00e9nergie et notre bien-\u00eatre.<\/li>\n<\/ul>\n\n\n\n<h4 class=\"wp-block-heading\"><strong>D\u00e9monstration pratique<\/strong> (30 minutes)<\/h4>\n\n\n\n<p>S\u00e9ances adapt\u00e9es et accessibles \u00e0 tous pour exp\u00e9rimenter des exercices simples :<\/p>\n\n\n\n<ul class=\"wp-block-list\">\n<li>Activit\u00e9s cardiovasculaires douces (sans courir).<\/li>\n\n\n\n<li>Exercices de renforcement musculaire sans mat\u00e9riel.<\/li>\n<\/ul>\n\n\n\n<h4 class=\"wp-block-heading\"><strong><strong>FAQ et \u00e9changes<\/strong><\/strong> (15 minutes)<\/h4>\n\n\n\n<p class=\"has-text-align-left\">Un espace pour poser des questions et discuter des actions concr\u00e8tes \u00e0 int\u00e9grer dans le quotidien pour am\u00e9liorer sa qualit\u00e9 de vie.<br><\/p>\n\n\n\n<div class=\"wp-block-buttons is-content-justification-center is-layout-flex wp-container-core-buttons-is-layout-a89b3969 wp-block-buttons-is-layout-flex\">\n<div class=\"wp-block-button\"><a class=\"wp-block-button__link wp-element-button\" href=\"https:\/\/corbas-crosstraining.com\/?page_id=14\">Demander un devis<\/a><\/div>\n<\/div>\n<\/div>\n<\/div>\n\n\n\n<p><\/p>\n\n\n\n<p>Pour en savoir plus sur chacune de nos prestations ou pour discuter d&rsquo;un programme personnalis\u00e9, n&rsquo;h\u00e9sitez pas \u00e0 nous contacter. <br>Nos experts sont pr\u00eats \u00e0 adapter nos solutions \u00e0 vos besoins sp\u00e9cifiques.<\/p>\n\n\n\n<hr class=\"wp-block-separator has-alpha-channel-opacity\"\/>\n\n\n\n<div class=\"wp-block-cover alignfull has-parallax\"><span aria-hidden=\"true\" class=\"wp-block-cover__background has-background-dim\"><\/span><div class=\"wp-block-cover__image-background wp-image-45 has-parallax\" style=\"background-position:50% 50%;background-image:url(https:\/\/corbas-crosstraining.com\/wp-content\/uploads\/2024\/12\/pexels-thelazyartist-2247179-1024x716.jpg)\"><\/div><div class=\"wp-block-cover__inner-container is-layout-flow wp-block-cover-is-layout-flow\">\n<p class=\"has-text-align-center has-large-font-size\">Pourquoi Choisir Corbas CrossTraining 69 ?<\/p>\n<\/div><\/div>\n\n\n\n<p><\/p>\n\n\n\n<p>Lorsque vous choisissez Corbas CrossTraining 69, vous optez pour un accompagnement engag\u00e9 dans la sensibilisation et la promotion d&rsquo;un mode de vie actif et \u00e9quilibr\u00e9. Voici pourquoi de nombreuses structures et organisations nous font confiance :<\/p>\n\n\n\n<h4 class=\"wp-block-heading\"><strong>Approche centr\u00e9e sur la sensibilisation<\/strong>.<\/h4>\n\n\n\n<p>Nous ne proposons pas seulement des programmes : nous aidons \u00e0 d\u00e9velopper une prise de conscience sur les bienfaits d\u2019un mode de vie actif. Nos interventions \u00e9ducatives et interactives permettent d\u2019accompagner chacun, quel que soit son contexte ou ses besoins.<\/p>\n\n\n\n<h4 class=\"wp-block-heading\"><strong>Expertise adapt\u00e9e<\/strong>.<\/h4>\n\n\n\n<p>Notre \u00e9quipe est form\u00e9e pour intervenir aupr\u00e8s de publics diversifi\u00e9s, dans des cadres vari\u00e9s (structures sociales, \u00e9coles, entreprises, etc.). Nous mettons un point d\u2019honneur \u00e0 adapter chaque intervention pour qu\u2019elle soit pertinente et efficace, tout en respectant les besoins sp\u00e9cifiques de chaque groupe.<\/p>\n\n\n\n<h4 class=\"wp-block-heading\"><strong>Interventions flexibles et personnalis\u00e9es<\/strong>.<\/h4>\n\n\n\n<p>Plut\u00f4t que d\u2019imposer un cadre fixe, nous nous d\u00e9pla\u00e7ons directement dans les lieux d\u2019accueil des publics concern\u00e9s. Cette flexibilit\u00e9 nous permet d\u2019intervenir dans des environnements familiers, en limitant les barri\u00e8res et en renfor\u00e7ant l\u2019impact de nos actions.<\/p>\n\n\n\n<h4 class=\"wp-block-heading\"><strong>Engagement social et local<\/strong>.<\/h4>\n\n\n\n<p>Nous travaillons en \u00e9troite collaboration avec des structures locales pour encourager un changement positif \u00e0 travers des initiatives adapt\u00e9es, comme des ateliers \u00e9ducatifs ou des \u00e9v\u00e9nements de sensibilisation (Octobre Rose, Mois sans Tabac, etc.). En choisissant Corbas CrossTraining 69, vous soutenez une structure investie dans l&rsquo;accompagnement social et le bien-\u00eatre collectif.<\/p>\n\n\n\n<h4 class=\"wp-block-heading\"><strong>Une vision d\u2019impact durable<\/strong><\/h4>\n\n\n\n<p>Nos actions ne se limitent pas \u00e0 une intervention ponctuelle. Nous cherchons \u00e0 laisser une empreinte durable, en favorisant l\u2019\u00e9veil \u00e0 de nouvelles habitudes de vie saines et accessibles, qui contribuent au bien-\u00eatre individuel et collectif.<\/p>\n\n\n\n<p>Rejoindre Corbas CrossTraining 69, c&rsquo;est faire le choix d&rsquo;un partenaire qui s&rsquo;engage \u00e0 vos c\u00f4t\u00e9s pour promouvoir une vie active et \u00e9quilibr\u00e9e, tout en tenant compte des sp\u00e9cificit\u00e9s sociales et environnementales.<br><strong>Pour commencer votre parcours, <a href=\"https:\/\/corbas-crosstraining.com\/?page_id=14\">contactez-nous d\u00e8s maintenant<\/a> !<\/strong><\/p>\n\n\n\n<p><\/p>\n\n\n\n<p><\/p>\n","protected":false},"excerpt":{"rendered":"<p>Chez Corbas CrossTraining, nous croyons que l&rsquo;activit\u00e9 physique est un levier puissant pour am\u00e9liorer la sant\u00e9, la confiance en soi et la qualit\u00e9 de vie. Nos actions sont pens\u00e9es pour sensibiliser, informer et accompagner les individus et les groupes vers une meilleure hygi\u00e8ne de vie, en tenant compte des d\u00e9fis sociaux auxquels ils peuvent \u00eatre &hellip; <\/p>\n<p class=\"link-more\"><a href=\"https:\/\/corbas-crosstraining.com\/?page_id=53\" class=\"more-link\">Lire la suite de<span class=\"screen-reader-text\">\u00ab\u00a0Nos prestations\u00a0\u00bb<\/span><\/a><\/p>\n","protected":false},"author":2,"featured_media":0,"parent":0,"menu_order":0,"comment_status":"closed","ping_status":"closed","template":"","meta":{"footnotes":""},"class_list":["post-53","page","type-page","status-publish","hentry"],"yoast_head":"<!-- This site is optimized with the Yoast SEO plugin v27.4 - https:\/\/yoast.com\/product\/yoast-seo-wordpress\/ -->\n<title>Nos prestations - Corbas CrossTraining<\/title>\n<meta name=\"robots\" content=\"index, follow, max-snippet:-1, max-image-preview:large, max-video-preview:-1\" \/>\n<link rel=\"canonical\" href=\"https:\/\/corbas-crosstraining.com\/?page_id=53\" \/>\n<meta property=\"og:locale\" content=\"fr_FR\" \/>\n<meta property=\"og:type\" content=\"article\" \/>\n<meta property=\"og:title\" content=\"Nos prestations - Corbas CrossTraining\" \/>\n<meta property=\"og:description\" content=\"Chez Corbas CrossTraining, nous croyons que l&rsquo;activit\u00e9 physique est un levier puissant pour am\u00e9liorer la sant\u00e9, la confiance en soi et la qualit\u00e9 de vie. Nos actions sont pens\u00e9es pour sensibiliser, informer et accompagner les individus et les groupes vers une meilleure hygi\u00e8ne de vie, en tenant compte des d\u00e9fis sociaux auxquels ils peuvent \u00eatre &hellip; Lire la suite de\u00ab\u00a0Nos prestations\u00a0\u00bb\" \/>\n<meta property=\"og:url\" content=\"https:\/\/corbas-crosstraining.com\/?page_id=53\" \/>\n<meta property=\"og:site_name\" content=\"Corbas CrossTraining\" \/>\n<meta property=\"article:modified_time\" content=\"2025-01-31T09:39:34+00:00\" \/>\n<meta property=\"og:image\" content=\"https:\/\/corbas-crosstraining.com\/wp-content\/uploads\/2025\/01\/Design-sans-titre-1024x1024.png\" \/>\n<meta name=\"twitter:card\" content=\"summary_large_image\" \/>\n<meta name=\"twitter:label1\" content=\"Dur\u00e9e de lecture estim\u00e9e\" \/>\n\t<meta name=\"twitter:data1\" content=\"5 minutes\" \/>\n<script type=\"application\/ld+json\" class=\"yoast-schema-graph\">{\"@context\":\"https:\\\/\\\/schema.org\",\"@graph\":[{\"@type\":\"WebPage\",\"@id\":\"https:\\\/\\\/corbas-crosstraining.com\\\/?page_id=53\",\"url\":\"https:\\\/\\\/corbas-crosstraining.com\\\/?page_id=53\",\"name\":\"Nos prestations - Corbas CrossTraining\",\"isPartOf\":{\"@id\":\"https:\\\/\\\/corbas-crosstraining.com\\\/#website\"},\"primaryImageOfPage\":{\"@id\":\"https:\\\/\\\/corbas-crosstraining.com\\\/?page_id=53#primaryimage\"},\"image\":{\"@id\":\"https:\\\/\\\/corbas-crosstraining.com\\\/?page_id=53#primaryimage\"},\"thumbnailUrl\":\"https:\\\/\\\/corbas-crosstraining.com\\\/wp-content\\\/uploads\\\/2025\\\/01\\\/Design-sans-titre-1024x1024.png\",\"datePublished\":\"2024-12-18T15:31:44+00:00\",\"dateModified\":\"2025-01-31T09:39:34+00:00\",\"breadcrumb\":{\"@id\":\"https:\\\/\\\/corbas-crosstraining.com\\\/?page_id=53#breadcrumb\"},\"inLanguage\":\"fr-FR\",\"potentialAction\":[{\"@type\":\"ReadAction\",\"target\":[\"https:\\\/\\\/corbas-crosstraining.com\\\/?page_id=53\"]}]},{\"@type\":\"ImageObject\",\"inLanguage\":\"fr-FR\",\"@id\":\"https:\\\/\\\/corbas-crosstraining.com\\\/?page_id=53#primaryimage\",\"url\":\"https:\\\/\\\/corbas-crosstraining.com\\\/wp-content\\\/uploads\\\/2025\\\/01\\\/Design-sans-titre.png\",\"contentUrl\":\"https:\\\/\\\/corbas-crosstraining.com\\\/wp-content\\\/uploads\\\/2025\\\/01\\\/Design-sans-titre.png\",\"width\":1080,\"height\":1080},{\"@type\":\"BreadcrumbList\",\"@id\":\"https:\\\/\\\/corbas-crosstraining.com\\\/?page_id=53#breadcrumb\",\"itemListElement\":[{\"@type\":\"ListItem\",\"position\":1,\"name\":\"Accueil\",\"item\":\"https:\\\/\\\/corbas-crosstraining.com\\\/\"},{\"@type\":\"ListItem\",\"position\":2,\"name\":\"Nos prestations\"}]},{\"@type\":\"WebSite\",\"@id\":\"https:\\\/\\\/corbas-crosstraining.com\\\/#website\",\"url\":\"https:\\\/\\\/corbas-crosstraining.com\\\/\",\"name\":\"WordPress CorbasCrossTraining\",\"description\":\"Un site utilisant WordPress\",\"publisher\":{\"@id\":\"https:\\\/\\\/corbas-crosstraining.com\\\/#organization\"},\"potentialAction\":[{\"@type\":\"SearchAction\",\"target\":{\"@type\":\"EntryPoint\",\"urlTemplate\":\"https:\\\/\\\/corbas-crosstraining.com\\\/?s={search_term_string}\"},\"query-input\":{\"@type\":\"PropertyValueSpecification\",\"valueRequired\":true,\"valueName\":\"search_term_string\"}}],\"inLanguage\":\"fr-FR\"},{\"@type\":\"Organization\",\"@id\":\"https:\\\/\\\/corbas-crosstraining.com\\\/#organization\",\"name\":\"WordPress\",\"url\":\"https:\\\/\\\/corbas-crosstraining.com\\\/\",\"logo\":{\"@type\":\"ImageObject\",\"inLanguage\":\"fr-FR\",\"@id\":\"https:\\\/\\\/corbas-crosstraining.com\\\/#\\\/schema\\\/logo\\\/image\\\/\",\"url\":\"http:\\\/\\\/corbas-crosstraining.com\\\/wp-content\\\/uploads\\\/2024\\\/12\\\/LOGO-Asso-Corbas-CrossTraining.png\",\"contentUrl\":\"http:\\\/\\\/corbas-crosstraining.com\\\/wp-content\\\/uploads\\\/2024\\\/12\\\/LOGO-Asso-Corbas-CrossTraining.png\",\"width\":500,\"height\":500,\"caption\":\"WordPress\"},\"image\":{\"@id\":\"https:\\\/\\\/corbas-crosstraining.com\\\/#\\\/schema\\\/logo\\\/image\\\/\"}}]}<\/script>\n<!-- \/ Yoast SEO plugin. -->","yoast_head_json":{"title":"Nos prestations - Corbas CrossTraining","robots":{"index":"index","follow":"follow","max-snippet":"max-snippet:-1","max-image-preview":"max-image-preview:large","max-video-preview":"max-video-preview:-1"},"canonical":"https:\/\/corbas-crosstraining.com\/?page_id=53","og_locale":"fr_FR","og_type":"article","og_title":"Nos prestations - Corbas CrossTraining","og_description":"Chez Corbas CrossTraining, nous croyons que l&rsquo;activit\u00e9 physique est un levier puissant pour am\u00e9liorer la sant\u00e9, la confiance en soi et la qualit\u00e9 de vie. Nos actions sont pens\u00e9es pour sensibiliser, informer et accompagner les individus et les groupes vers une meilleure hygi\u00e8ne de vie, en tenant compte des d\u00e9fis sociaux auxquels ils peuvent \u00eatre &hellip; Lire la suite de\u00ab\u00a0Nos prestations\u00a0\u00bb","og_url":"https:\/\/corbas-crosstraining.com\/?page_id=53","og_site_name":"Corbas CrossTraining","article_modified_time":"2025-01-31T09:39:34+00:00","og_image":[{"url":"https:\/\/corbas-crosstraining.com\/wp-content\/uploads\/2025\/01\/Design-sans-titre-1024x1024.png","type":"","width":"","height":""}],"twitter_card":"summary_large_image","twitter_misc":{"Dur\u00e9e de lecture estim\u00e9e":"5 minutes"},"schema":{"@context":"https:\/\/schema.org","@graph":[{"@type":"WebPage","@id":"https:\/\/corbas-crosstraining.com\/?page_id=53","url":"https:\/\/corbas-crosstraining.com\/?page_id=53","name":"Nos prestations - Corbas CrossTraining","isPartOf":{"@id":"https:\/\/corbas-crosstraining.com\/#website"},"primaryImageOfPage":{"@id":"https:\/\/corbas-crosstraining.com\/?page_id=53#primaryimage"},"image":{"@id":"https:\/\/corbas-crosstraining.com\/?page_id=53#primaryimage"},"thumbnailUrl":"https:\/\/corbas-crosstraining.com\/wp-content\/uploads\/2025\/01\/Design-sans-titre-1024x1024.png","datePublished":"2024-12-18T15:31:44+00:00","dateModified":"2025-01-31T09:39:34+00:00","breadcrumb":{"@id":"https:\/\/corbas-crosstraining.com\/?page_id=53#breadcrumb"},"inLanguage":"fr-FR","potentialAction":[{"@type":"ReadAction","target":["https:\/\/corbas-crosstraining.com\/?page_id=53"]}]},{"@type":"ImageObject","inLanguage":"fr-FR","@id":"https:\/\/corbas-crosstraining.com\/?page_id=53#primaryimage","url":"https:\/\/corbas-crosstraining.com\/wp-content\/uploads\/2025\/01\/Design-sans-titre.png","contentUrl":"https:\/\/corbas-crosstraining.com\/wp-content\/uploads\/2025\/01\/Design-sans-titre.png","width":1080,"height":1080},{"@type":"BreadcrumbList","@id":"https:\/\/corbas-crosstraining.com\/?page_id=53#breadcrumb","itemListElement":[{"@type":"ListItem","position":1,"name":"Accueil","item":"https:\/\/corbas-crosstraining.com\/"},{"@type":"ListItem","position":2,"name":"Nos prestations"}]},{"@type":"WebSite","@id":"https:\/\/corbas-crosstraining.com\/#website","url":"https:\/\/corbas-crosstraining.com\/","name":"WordPress CorbasCrossTraining","description":"Un site utilisant WordPress","publisher":{"@id":"https:\/\/corbas-crosstraining.com\/#organization"},"potentialAction":[{"@type":"SearchAction","target":{"@type":"EntryPoint","urlTemplate":"https:\/\/corbas-crosstraining.com\/?s={search_term_string}"},"query-input":{"@type":"PropertyValueSpecification","valueRequired":true,"valueName":"search_term_string"}}],"inLanguage":"fr-FR"},{"@type":"Organization","@id":"https:\/\/corbas-crosstraining.com\/#organization","name":"WordPress","url":"https:\/\/corbas-crosstraining.com\/","logo":{"@type":"ImageObject","inLanguage":"fr-FR","@id":"https:\/\/corbas-crosstraining.com\/#\/schema\/logo\/image\/","url":"http:\/\/corbas-crosstraining.com\/wp-content\/uploads\/2024\/12\/LOGO-Asso-Corbas-CrossTraining.png","contentUrl":"http:\/\/corbas-crosstraining.com\/wp-content\/uploads\/2024\/12\/LOGO-Asso-Corbas-CrossTraining.png","width":500,"height":500,"caption":"WordPress"},"image":{"@id":"https:\/\/corbas-crosstraining.com\/#\/schema\/logo\/image\/"}}]}},"_links":{"self":[{"href":"https:\/\/corbas-crosstraining.com\/index.php?rest_route=\/wp\/v2\/pages\/53","targetHints":{"allow":["GET"]}}],"collection":[{"href":"https:\/\/corbas-crosstraining.com\/index.php?rest_route=\/wp\/v2\/pages"}],"about":[{"href":"https:\/\/corbas-crosstraining.com\/index.php?rest_route=\/wp\/v2\/types\/page"}],"author":[{"embeddable":true,"href":"https:\/\/corbas-crosstraining.com\/index.php?rest_route=\/wp\/v2\/users\/2"}],"replies":[{"embeddable":true,"href":"https:\/\/corbas-crosstraining.com\/index.php?rest_route=%2Fwp%2Fv2%2Fcomments&post=53"}],"version-history":[{"count":19,"href":"https:\/\/corbas-crosstraining.com\/index.php?rest_route=\/wp\/v2\/pages\/53\/revisions"}],"predecessor-version":[{"id":205,"href":"https:\/\/corbas-crosstraining.com\/index.php?rest_route=\/wp\/v2\/pages\/53\/revisions\/205"}],"wp:attachment":[{"href":"https:\/\/corbas-crosstraining.com\/index.php?rest_route=%2Fwp%2Fv2%2Fmedia&parent=53"}],"curies":[{"name":"wp","href":"https:\/\/api.w.org\/{rel}","templated":true}]}}